{"id":403,"date":"2020-04-22T16:51:38","date_gmt":"2020-04-22T14:51:38","guid":{"rendered":"https:\/\/www.ipcbusiness.de\/?page_id=2"},"modified":"2026-01-28T14:51:21","modified_gmt":"2026-01-28T13:51:21","slug":"ipc-busines-gmbh-intermodale-kombiverkehre","status":"publish","type":"page","link":"https:\/\/ipc-business.de\/en\/","title":{"rendered":"Home"},"content":{"rendered":"<div class=\"vc_row wpb_row vc_row-fluid\"><div class=\"wpb_column vc_column_container vc_col-sm-12\"><div class=\"vc_column-inner\"><div class=\"wpb_wrapper\"><div class=\"vc_empty_space\"   style=\"height: 32px\"><span class=\"vc_empty_space_inner\"><\/span><\/div><div class=\"vc_row wpb_row vc_inner vc_row-fluid\"><div class=\"wpb_column vc_column_container vc_col-sm-8\"><div class=\"vc_column-inner\"><div class=\"wpb_wrapper\">\n\t<div class=\"wpb_text_column wpb_content_element  vc_custom_1769608232505\" >\n\t\t<div class=\"wpb_wrapper\">\n\t\t\t<h2>IPC Business, intermodale Kombiverkehre und mehr.<\/h2>\n<p><strong>Die IPC Business GmbH als Dienstleister f\u00fcr intermodale Kombiverkehre<\/strong>, hat f\u00fcr sie <strong>die richtige Transportl\u00f6sung im intermodalen Kombiverkehr<\/strong> nach West-und Osteuropa sowie f\u00fcr Skandinavien und China. <strong>T\u00e4glicher Deutschland &#8211; Italien Verkehr<\/strong><\/p>\n<p><strong>Wir sind international aufgestellt<\/strong> und bedienen aktuell den skandinavischen, den europ\u00e4ischen sowie den asiatischen Markt. Dabei haben wir uns <strong>auf den Transport von <a href=\"https:\/\/ipc-business.de\/unsere-produkte-und-services\/innovative-ladeeinheiten\/\">Containern<\/a>, <a href=\"https:\/\/ipc-business.de\/unsere-produkte-und-services\/innovative-ladeeinheiten\/\">Wechselbr\u00fccken<\/a> sowie\u00a0 <a href=\"https:\/\/ipc-business.de\/unsere-produkte-und-services\/kranbare-auflieger\/\">Sattelaufliegern<\/a> spezialisiert<\/strong>.<\/p>\n<p>Wir sind stolz, Ihnen mit unseren <a href=\"https:\/\/ipc-business.de\/unsere-maerkte\/drehkreuze-service-partner\/\">Partnern<\/a>, ein <strong>schl\u00fcssiges und schnelles <\/strong><\/p>\n<p><strong>Transportwesen<\/strong> anbieten zu k\u00f6nnen.<\/p>\n<h2>Innovative Ladungstr\u00e4ger gepaart mit innovativen Ideen..<\/h2>\n<p>&#8230; machen uns zu einem gefragten <strong>Dienstleister im Bereich der kombinierten Verkehre<\/strong>.<\/p>\n\n\t\t<\/div>\n\t<\/div>\n<\/div><\/div><\/div><div class=\"wpb_column vc_column_container vc_col-sm-4\"><div class=\"vc_column-inner\"><div class=\"wpb_wrapper\">\n\t<div  class=\"wpb_single_image wpb_content_element vc_align_left\">\n\t\t\n\t\t<figure class=\"wpb_wrapper vc_figure\">\n\t\t\t<a data-rel=\"prettyPhoto[rel-403-2424374406]\" href=\"https:\/\/ipc-business.de\/wp-content\/uploads\/container-1.jpg\" target=\"_self\" class=\"vc_single_image-wrapper vc_box_shadow_border  vc_box_border_grey prettyphoto\"><img loading=\"lazy\" decoding=\"async\" width=\"332\" height=\"332\" src=\"https:\/\/ipc-business.de\/wp-content\/uploads\/container-1.jpg\" class=\"vc_single_image-img attachment-full\" alt=\"IPC Business GmbH als Dienstleister f\u00fcr intermodale Kombiverkehre\" srcset=\"https:\/\/ipc-business.de\/wp-content\/uploads\/container-1.jpg 332w, https:\/\/ipc-business.de\/wp-content\/uploads\/container-1-300x300.jpg 300w, https:\/\/ipc-business.de\/wp-content\/uploads\/container-1-150x150.jpg 150w\" sizes=\"auto, (max-width: 332px) 100vw, 332px\" \/><\/a>\n\t\t<\/figure>\n\t<\/div>\n<\/div><\/div><\/div><\/div><div class=\"vc_separator wpb_content_element vc_separator_align_center vc_sep_width_100 vc_sep_pos_align_center vc_separator_no_text vc_sep_color_grey\" ><span class=\"vc_sep_holder vc_sep_holder_l\"><span  class=\"vc_sep_line\"><\/span><\/span><span class=\"vc_sep_holder vc_sep_holder_r\"><span  class=\"vc_sep_line\"><\/span><\/span>\n<\/div><\/div><\/div><\/div><div class=\"wpb_column vc_column_container vc_col-sm-12\"><div class=\"vc_column-inner\"><div class=\"wpb_wrapper\">\n\t<div class=\"wpb_text_column wpb_content_element \" >\n\t\t<div class=\"wpb_wrapper\">\n\t\t\t<p><strong>Als Ihr Partner stellen wir Ihre Bed\u00fcrfnisse in den Fokus<\/strong> und bieten Ihnen einen schnellen und <a href=\"https:\/\/ipc-business.de\/unsere-produkte-und-services\/\">professionellen Service<\/a>.<\/p>\n<p><strong>Wir k\u00f6nnen alle G\u00fcter bef\u00f6rdern<\/strong>, die keine besonderen Ma\u00dfe oder Gewichte haben.<\/p>\n<p>Ausgehend von einem G\u00fcterverkehrsprojekt in der Ukraine, <strong>entwickelten wir die passenden Strategien und L\u00f6sungen, <\/strong>um diesen standort, insbesondere \u00fcber die Schiene, mit dem Rest von Europa zu Verbinden.<\/p>\n<p>Die private Industrie in der Ukraine, hat einen gro\u00dfen Bedarf an Transportleistungen. Diesem Bedarf kommen wir mit unseren <strong>strecken\u00fcbergreifenden Transportl\u00f6sungen<\/strong> entgegen.<\/p>\n\n\t\t<\/div>\n\t<\/div>\n<div class=\"vc_row wpb_row vc_inner vc_row-fluid\"><div class=\"wpb_column vc_column_container vc_col-sm-4\"><div class=\"vc_column-inner\"><div class=\"wpb_wrapper\">\n\t<div  class=\"wpb_single_image wpb_content_element vc_align_left\">\n\t\t\n\t\t<figure class=\"wpb_wrapper vc_figure\">\n\t\t\t<a href=\"https:\/\/ipcbusiness.de\/unsere-produkte-und-services\/kombiverkehr-gruener-transport\/\" target=\"_self\" class=\"vc_single_image-wrapper vc_box_shadow_border  vc_box_border_grey\"><img loading=\"lazy\" decoding=\"async\" width=\"332\" height=\"332\" src=\"https:\/\/ipc-business.de\/wp-content\/uploads\/zug.jpg\" class=\"vc_single_image-img attachment-full\" alt=\"strecken\u00fcbergreifenden Transportl\u00f6sungen\" srcset=\"https:\/\/ipc-business.de\/wp-content\/uploads\/zug.jpg 332w, https:\/\/ipc-business.de\/wp-content\/uploads\/zug-300x300.jpg 300w, https:\/\/ipc-business.de\/wp-content\/uploads\/zug-150x150.jpg 150w\" sizes=\"auto, (max-width: 332px) 100vw, 332px\" \/><\/a>\n\t\t<\/figure>\n\t<\/div>\n<\/div><\/div><\/div><div class=\"wpb_column vc_column_container vc_col-sm-8\"><div class=\"vc_column-inner\"><div class=\"wpb_wrapper\">\n\t<div class=\"wpb_text_column wpb_content_element \" >\n\t\t<div class=\"wpb_wrapper\">\n\t\t\t<h4>Der Aspekt die Umwelt zu entlasten ist uns wichtig.<\/h4>\n<p>Wir wollen einen Beitrag leisten die allseits gemachten Versprechungen der <strong>Schadstoffreduzierung in die Tat umzusetzen<\/strong>. Das ist unser Ansporn und unsere Verpflichtung.<\/p>\n<h3>Wir lehnen Dumping Preise ab!<\/h3>\n<p>Dumping Preise und Ausbeutung bestimmter Berufsgruppen <strong>lehnen wir aus moralischen Gr\u00fcnden ab<\/strong>. Wir sind der Meinung, dass eine erbrachte und gute Leistung auch dementsprechend belohnt und entlohnt werden sollte. <strong>Das gilt f\u00fcr alle Richtungen und Stufen.<\/strong><\/p>\n<p>Wenn Sie Fragen zu unserem <a href=\"https:\/\/ipc-business.de\/ueber-uns\/firmeninformation\/\">Unternehmen<\/a> oder unseren Services haben, so <strong>z\u00f6gern Sie bitte nicht uns zu kontaktieren<\/strong>. Vorab schon einmal vielen Dank f\u00fcr Ihre <a href=\"https:\/\/ipc-business.de\/anfrage\/\">Anfrage<\/a>.<\/p>\n\n\t\t<\/div>\n\t<\/div>\n<\/div><\/div><\/div><\/div><div class=\"vc_separator wpb_content_element vc_separator_align_center vc_sep_width_100 vc_sep_pos_align_center vc_separator_no_text vc_sep_color_grey\" ><span class=\"vc_sep_holder vc_sep_holder_l\"><span  class=\"vc_sep_line\"><\/span><\/span><span class=\"vc_sep_holder vc_sep_holder_r\"><span  class=\"vc_sep_line\"><\/span><\/span>\n<\/div><\/div><\/div><\/div><\/div><div class=\"vc_row wpb_row vc_row-fluid\"><div class=\"wpb_column vc_column_container vc_col-sm-12\"><div class=\"vc_column-inner\"><div class=\"wpb_wrapper\"><div class=\"vc_row wpb_row vc_inner vc_row-fluid\"><div class=\"wpb_column vc_column_container vc_col-sm-10\"><div class=\"vc_column-inner\"><div class=\"wpb_wrapper\">\n\t<div class=\"wpb_text_column wpb_content_element \" >\n\t\t<div class=\"wpb_wrapper\">\n\t\t\t<h2>Ansprechpartner der IPC Business GmbH, <span style=\"font-weight: 500;\">Ihrem Dienstleister f\u00fcr intermodale Kombiverkehre.<\/span><\/h2>\n\n\t\t<\/div>\n\t<\/div>\n<\/div><\/div><\/div><div class=\"wpb_column vc_column_container vc_col-sm-2\"><div class=\"vc_column-inner\"><div class=\"wpb_wrapper\"><\/div><\/div><\/div><\/div><div class=\"vc_row wpb_row vc_inner vc_row-fluid\"><div class=\"wpb_column vc_column_container vc_col-sm-4\"><div class=\"vc_column-inner\"><div class=\"wpb_wrapper\">\n\t<div class=\"wpb_text_column wpb_content_element \" >\n\t\t<div class=\"wpb_wrapper\">\n\t\t\t<p><strong>Herr Scheithauer<\/strong> Gesch\u00e4ftsf\u00fchrer<br \/>\n<i class=\"Defaults-phone-square\" style=\"color: #c26461 !important; margin-right: 4px !important;\"><\/i><strong>Telefon:<\/strong> <a href=\"tel:04934124250230\">0341 24250-230<\/a>\u00a0<span class=\"wpglobus_flag wpglobus_language_name wpglobus_flag_de\">\u00a0<\/span><br \/>\n<i class=\"Defaults-mobile\" style=\"color: #fff !important; margin-right: 4px !important; background-color: #c26461; padding: 0px 4px 0px 4px; border-radius: 3px;\"><\/i><strong>Mobil:<\/strong> <a href=\"tel:04915115539876\">0151 15539-876<\/a>\u00a0<span class=\"wpglobus_flag wpglobus_language_name wpglobus_flag_de\">\u00a0<\/span><\/p>\n<p><strong>Herr Nobis<\/strong> Manager Kombiverkehre<br \/>\n<i class=\"Defaults-phone-square\" style=\"color: #c26461 !important; margin-right: 4px !important;\"><\/i><strong>Telefon:<\/strong>\u00a0<a href=\"tel:04934124250239\">0341 24250-239<\/a>\u00a0<span class=\"wpglobus_flag wpglobus_language_name wpglobus_flag_de\">\u00a0<\/span>\u00a0<span class=\"wpglobus_flag wpglobus_language_name wpglobus_flag_en\">\u00a0<\/span><br \/>\n<i class=\"Defaults-mobile\" style=\"color: #fff !important; margin-right: 4px !important; background-color: #c26461; padding: 0px 4px 0px 4px; border-radius: 3px;\"><\/i><strong>Mobil:<\/strong>\u00a0<a href=\"tel:04915119402874\">0151 19402-874<\/a>\u00a0<span class=\"wpglobus_flag wpglobus_language_name wpglobus_flag_de\">\u00a0<\/span>\u00a0<span class=\"wpglobus_flag wpglobus_language_name wpglobus_flag_en\">\u00a0<\/span><\/p>\n\n\t\t<\/div>\n\t<\/div>\n<\/div><\/div><\/div><div class=\"wpb_column vc_column_container vc_col-sm-6\"><div class=\"vc_column-inner\"><div class=\"wpb_wrapper\">\n\t<div class=\"wpb_text_column wpb_content_element \" >\n\t\t<div class=\"wpb_wrapper\">\n\t\t\t<p>IT Manager<br \/>\n<i class=\"Defaults-phone-square\" style=\"color: #c26461 !important; margin-right: 4px !important;\"><\/i><strong>Telefon:<\/strong> <a href=\"tel:+4934124250234\">0341 24250-234<\/a><br \/>\n<i class=\"Defaults-mobile\" style=\"color: #fff !important; margin-right: 4px !important; background-color: #c26461; padding: 0px 4px 0px 4px; border-radius: 3px;\"><\/i><strong>Mobil:<\/strong> <a href=\"tel:+491754703760\">0175 4703-760<\/a><\/p>\n<p><i class=\"Defaults-fax\" style=\"color: #c26461 !important; margin-right: 4px !important;\"><\/i><strong>Telefax:<\/strong> <a href=\"tel:04934124250236\">0341 24250-236<\/a><br \/>\n<i class=\"Defaults-envelope\" style=\"color: #c26461 !important; margin-right: 4px !important;\"><\/i><strong>E-mail:<\/strong> <a href=\"mailto:info@ipc-business.de\">info@ipc-business.de<\/a><br \/>\n<i class=\"Defaults-pencil-square\" style=\"color: #c26461 !important; margin-right: 4px !important;\"><\/i><strong>Kontaktformular:<\/strong> <a href=\"https:\/\/ipc-business.de\/anfrage\/\">Anfrage stellen<\/a><\/p>\n\n\t\t<\/div>\n\t<\/div>\n<\/div><\/div><\/div><div class=\"wpb_column vc_column_container vc_col-sm-2\"><div class=\"vc_column-inner\"><div class=\"wpb_wrapper\"><h4 style=\"color: #b52827;text-align: left\" class=\"vc_custom_heading vc_custom_1613613740439\" >\u00d6ffnungszeiten:<\/h4>\n\t<div class=\"wpb_text_column wpb_content_element \" >\n\t\t<div class=\"wpb_wrapper\">\n\t\t\t<p><strong>Montag &#8211; Freitag:<\/strong><br \/>\n<i class=\"Defaults-clock-o\"><\/i> 6:30 &#8211; 18:00 Uhr<\/p>\n<p><strong>Samstag:<\/strong><br \/>\n<i class=\"Defaults-clock-o\"><\/i> 6:30 &#8211; 14:00 Uhr<\/p>\n<p><strong>Sonntag:<\/strong><br \/>\ngeschlossen<\/p>\n\n\t\t<\/div>\n\t<\/div>\n<\/div><\/div><\/div><\/div><\/div><\/div><\/div><\/div>\n","protected":false},"excerpt":{"rendered":"IPC Business, intermodale Kombiverkehre und mehr. Die IPC Business GmbH als Dienstleister f\u00fcr intermodale Kombiverkehre, hat f\u00fcr sie die richtige Transportl\u00f6sung im intermodalen Kombiverkehr nach West-und Osteuropa sowie f\u00fcr Skandinavien und China. T\u00e4glicher Deutschland - Italien Verkehr Wir sind international aufgestellt und bedienen aktuell den skandinavischen, den europ\u00e4ischen sowie den asiatischen Markt. Dabei haben wir [...]","protected":false},"author":1,"featured_media":0,"parent":0,"menu_order":0,"comment_status":"closed","ping_status":"closed","template":"","meta":{"footnotes":""},"class_list":["post-403","page","type-page","status-publish","hentry"],"translation":{"provider":"WPGlobus","version":"3.0.2","language":"en","enabled_languages":["de","en","fr","ru","uk","it","pl","es"],"languages":{"de":{"title":true,"content":true,"excerpt":false},"en":{"title":true,"content":false,"excerpt":false},"fr":{"title":true,"content":false,"excerpt":false},"ru":{"title":true,"content":false,"excerpt":false},"uk":{"title":true,"content":false,"excerpt":false},"it":{"title":true,"content":false,"excerpt":false},"pl":{"title":true,"content":false,"excerpt":false},"es":{"title":true,"content":false,"excerpt":false}}},"_links":{"self":[{"href":"https:\/\/ipc-business.de\/en\/wp-json\/wp\/v2\/pages\/403","targetHints":{"allow":["GET"]}}],"collection":[{"href":"https:\/\/ipc-business.de\/en\/wp-json\/wp\/v2\/pages"}],"about":[{"href":"https:\/\/ipc-business.de\/en\/wp-json\/wp\/v2\/types\/page"}],"author":[{"embeddable":true,"href":"https:\/\/ipc-business.de\/en\/wp-json\/wp\/v2\/users\/1"}],"replies":[{"embeddable":true,"href":"https:\/\/ipc-business.de\/en\/wp-json\/wp\/v2\/comments?post=403"}],"version-history":[{"count":74,"href":"https:\/\/ipc-business.de\/en\/wp-json\/wp\/v2\/pages\/403\/revisions"}],"predecessor-version":[{"id":1361,"href":"https:\/\/ipc-business.de\/en\/wp-json\/wp\/v2\/pages\/403\/revisions\/1361"}],"wp:attachment":[{"href":"https:\/\/ipc-business.de\/en\/wp-json\/wp\/v2\/media?parent=403"}],"curies":[{"name":"wp","href":"https:\/\/api.w.org\/{rel}","templated":true}]}}