{"id":141,"date":"2020-05-26T15:34:23","date_gmt":"2020-05-26T13:34:23","guid":{"rendered":"https:\/\/www.ipcbusiness.de\/?page_id=141"},"modified":"2026-01-28T14:45:54","modified_gmt":"2026-01-28T13:45:54","slug":"impressum","status":"publish","type":"page","link":"https:\/\/ipc-business.de\/es\/impressum\/","title":{"rendered":"imprimir"},"content":{"rendered":"<div class=\"vc_row wpb_row vc_row-fluid\"><div class=\"wpb_column vc_column_container vc_col-sm-12\"><div class=\"vc_column-inner\"><div class=\"wpb_wrapper\"><h2 style=\"text-align: left\" class=\"vc_custom_heading\" >Angaben gem\u00e4\u00df \u00a7 5 TMG:<\/h2><\/div><\/div><\/div><\/div><div class=\"vc_row wpb_row vc_row-fluid\"><div class=\"wpb_column vc_column_container vc_col-sm-4\"><div class=\"vc_column-inner\"><div class=\"wpb_wrapper\">\n\t<div class=\"wpb_text_column wpb_content_element \" >\n\t\t<div class=\"wpb_wrapper\">\n\t\t\t<p><strong>IPC Business GmbH<\/strong><br \/>\nBitterfelder Strasse 1<br \/>\n04129 Leipzig<br \/>\nGermany<\/p>\n\n\t\t<\/div>\n\t<\/div>\n<\/div><\/div><\/div><div class=\"wpb_column vc_column_container vc_col-sm-4\"><div class=\"vc_column-inner\"><div class=\"wpb_wrapper\">\n\t<div class=\"wpb_text_column wpb_content_element \" >\n\t\t<div class=\"wpb_wrapper\">\n\t\t\t<p><strong>Handelsregister:<\/strong> B<br \/>\nAmtsgericht Leipzig<br \/>\nHRB 33533<\/p>\n\n\t\t<\/div>\n\t<\/div>\n<\/div><\/div><\/div><div class=\"wpb_column vc_column_container vc_col-sm-4\"><div class=\"vc_column-inner\"><div class=\"wpb_wrapper\">\n\t<div class=\"wpb_text_column wpb_content_element \" >\n\t\t<div class=\"wpb_wrapper\">\n\t\t\t<p><strong>USt-IdNr:.<\/strong> DE311123598<br \/>\n<strong>SteuerNr:.<\/strong> 232\/111\/08215<br \/>\n<strong>Gesch\u00e4ftsf\u00fchrer:<\/strong> Harry Scheithauer<\/p>\n\n\t\t<\/div>\n\t<\/div>\n<\/div><\/div><\/div><\/div><div class=\"vc_row wpb_row vc_row-fluid\"><div class=\"wpb_column vc_column_container vc_col-sm-12\"><div class=\"vc_column-inner\"><div class=\"wpb_wrapper\"><div class=\"vc_separator wpb_content_element vc_separator_align_center vc_sep_width_100 vc_sep_pos_align_center vc_separator_no_text vc_sep_color_grey\" ><span class=\"vc_sep_holder vc_sep_holder_l\"><span  class=\"vc_sep_line\"><\/span><\/span><span class=\"vc_sep_holder vc_sep_holder_r\"><span  class=\"vc_sep_line\"><\/span><\/span>\n<\/div><h2 style=\"text-align: left\" class=\"vc_custom_heading\" >Kontaktdaten<\/h2><\/div><\/div><\/div><\/div><div class=\"vc_row wpb_row vc_row-fluid\"><div class=\"wpb_column vc_column_container vc_col-sm-6\"><div class=\"vc_column-inner\"><div class=\"wpb_wrapper\">\n\t<div class=\"wpb_text_column wpb_content_element \" >\n\t\t<div class=\"wpb_wrapper\">\n\t\t\t<p><strong>Herr Scheithauer<\/strong> Gesch\u00e4ftsf\u00fchrer<br \/>\n<i class=\"Defaults-phone-square\" style=\"color: #c26461 !important; margin-right: 4px !important;\"><\/i><strong>Telefon:<\/strong> <a href=\"tel:04934124250230\">0341 24250-230<\/a><br \/>\n<i class=\"Defaults-mobile\" style=\"color: #fff !important; margin-right: 4px !important; background-color: #c26461; padding: 0px 4px 0px 4px; border-radius: 3px;\"><\/i><strong>Mobil:<\/strong> <a href=\"tel:04915115539876\">0151 15539-876<\/a><\/p>\n<p><strong>Herr Nobis<\/strong> Manager Kombiverkehre<br \/>\n<i class=\"Defaults-phone-square\" style=\"color: #c26461 !important; margin-right: 4px !important;\"><\/i><strong>Telefon:<\/strong> <a href=\"tel:04934124250239\">0341 24250-239<\/a><br \/>\n<i class=\"Defaults-mobile\" style=\"color: #fff !important; margin-right: 4px !important; background-color: #c26461; padding: 0px 4px 0px 4px; border-radius: 3px;\"><\/i><strong>Mobil:<\/strong> <a href=\"tel:04915119402874\">0151 19402-874<\/a><\/p>\n\n\t\t<\/div>\n\t<\/div>\n<\/div><\/div><\/div><div class=\"wpb_column vc_column_container vc_col-sm-6\"><div class=\"vc_column-inner\"><div class=\"wpb_wrapper\">\n\t<div class=\"wpb_text_column wpb_content_element \" >\n\t\t<div class=\"wpb_wrapper\">\n\t\t\t<p>IT Manager<br \/>\n<i class=\"Defaults-phone-square\" style=\"color: #c26461 !important; margin-right: 4px !important;\"><\/i><strong>Telefon:<\/strong> <a href=\"tel:034124250234\">0341 24250-234<\/a><br \/>\n<i class=\"Defaults-mobile\" style=\"color: #fff !important; margin-right: 4px !important; background-color: #c26461; padding: 0px 4px 0px 4px; border-radius: 3px;\"><\/i><strong>Mobil:<\/strong> <a href=\"tel:+491754703760\">01754703-760<\/a><\/p>\n<p><i class=\"Defaults-fax\" style=\"color: #c26461 !important; margin-right: 4px !important;\"><\/i><strong>Telefax:<\/strong> <a href=\"tel:04934124250232\">0341 24250-236<\/a><br \/>\n<i class=\"Defaults-envelope\" style=\"color: #c26461 !important; margin-right: 4px !important;\"><\/i><strong>E-mail:<\/strong> <a href=\"mailto:info@ipc-business.de\">info@ipc-business.de<\/a><br \/>\n<i class=\"Defaults-pencil-square\" style=\"color: #c26461 !important; margin-right: 4px !important;\"><\/i><strong>Kontaktformular:<\/strong> <a href=\"https:\/\/ipcbusiness.de\/anfrage\/\">Anfrage stellen<\/a><\/p>\n\n\t\t<\/div>\n\t<\/div>\n<\/div><\/div><\/div><\/div><div class=\"vc_row wpb_row vc_row-fluid\"><div class=\"wpb_column vc_column_container vc_col-sm-12\"><div class=\"vc_column-inner\"><div class=\"wpb_wrapper\"><div class=\"vc_separator wpb_content_element vc_separator_align_center vc_sep_width_100 vc_sep_pos_align_center vc_separator_no_text vc_sep_color_grey\" ><span class=\"vc_sep_holder vc_sep_holder_l\"><span  class=\"vc_sep_line\"><\/span><\/span><span class=\"vc_sep_holder vc_sep_holder_r\"><span  class=\"vc_sep_line\"><\/span><\/span>\n<\/div>\n\t<div class=\"wpb_text_column wpb_content_element \" >\n\t\t<div class=\"wpb_wrapper\">\n\t\t\t<h2>Konzeption und Realisierung<\/h2>\n<p><a href=\"http:\/\/www.digitalrun.de\/\" target=\"_blank\" rel=\"noopener noreferrer\"><strong>Digital Run Webdesign<\/strong><\/a><br \/>\nWalther Rathenau Str. 40b<a href=\"http:\/\/www.digitalrun.de\/webdesign\" target=\"_blank\" rel=\"noopener noreferrer\"><img loading=\"lazy\" decoding=\"async\" class=\"lazyloaded alignright wp-image-3007 size-full\" title=\"Digital Run Webdesign Ausgezeichnet seit 2004\" src=\"https:\/\/ipcbusiness.de\/wp-content\/uploads\/digital-run-logo.png\" alt=\"Digital Run Webdesign\" width=\"80\" height=\"80\" data-src=\"https:\/\/ipcbusiness.de\/wp-content\/uploads\/digital-run-logo.png\" \/><\/a><br \/>\n08058 Zwickau<\/p>\n<p><i class=\"Defaults-envelope\" style=\"color: #c26461 !important; margin-right: 4px !important;\"><\/i><strong>E-mail:<\/strong> <a href=\"mailto:info@digitalrun.de\">info@digitalrun.de<\/a><br \/>\n<i class=\"Defaults-mobile\" style=\"color: #fff !important; margin-right: 4px !important; background-color: #c26461; padding: 0px 4px 0px 4px; border-radius: 3px;\"><\/i><strong>Mobil:<\/strong><a href=\"tel:+4917685626252\"> 0176 85626-252<\/a><br \/>\n<i class=\"Defaults-globe\" style=\"color: #c26461 !important; margin-right: 4px !important;\"><\/i><strong>Web:<\/strong> <a title=\"Digital Run Designagentur\" href=\"http:\/\/www.digitalrun.de\/\" target=\"_blank\" rel=\"noopener noreferrer\">www.digitalrun.de<\/a><\/p>\n\n\t\t<\/div>\n\t<\/div>\n<div class=\"vc_separator wpb_content_element vc_separator_align_center vc_sep_width_100 vc_sep_pos_align_center vc_separator_no_text vc_sep_color_grey\" ><span class=\"vc_sep_holder vc_sep_holder_l\"><span  class=\"vc_sep_line\"><\/span><\/span><span class=\"vc_sep_holder vc_sep_holder_r\"><span  class=\"vc_sep_line\"><\/span><\/span>\n<\/div>\n\t<div class=\"wpb_text_column wpb_content_element \" >\n\t\t<div class=\"wpb_wrapper\">\n\t\t\t<h2>Nutzungs- und rechtliche Hinweise:<\/h2>\n<p>Die Informationen auf diesen Websites sind unverbindlich und werden ausschlie\u00dflich zu Informationszwecken zur Verf\u00fcgung gestellt. Sie haben lediglich Informationscharakter und sind keine Offerten\/Angebote im Sinne der anwendbaren gesetzlichen Bestimmungen. Auf der Grundlage der auf der Website enthaltenen Informationen kann kein Vertragsverh\u00e4ltnis hinsichtlich der vorgestellten Produkte und Dienstleistungen entstehen.<\/p>\n<p>Die Informationen auf diesen Websites sowie die in diesen Informationen beschriebenen Produkte und Dienstleistungen k\u00f6nnen ohne vorherige Ank\u00fcndigung von der IPC Business GmbH jederzeit ge\u00e4ndert oder aktualisiert werden. Die Webseite der IPC Business GmbH enth\u00e4lt keinerlei Garantien oder Beschaffenheitsangaben, f\u00fcr welche Sie haftet, sei es ausdr\u00fccklich oder stillschweigend auch nicht hinsichtlich der Aktualit\u00e4t, Korrektheit, Vollst\u00e4ndigkeit und Qualit\u00e4t der Informationen.<\/p>\n<p>Eine Haftung f\u00fcr jegliche unmittelbaren oder mittelbaren Sch\u00e4den, Schadensersatzforderungen, Folgesch\u00e4den gleich welcher Art und aus welchem Rechtsgrund, die durch Ihren Zugriff oder die Verwendung der Websites entstehen, insbesondere auch durch Infizierung Ihrer Computerumgebung mit Viren, ist ausgeschlossen.<\/p>\n<p>F\u00fcr die Begr\u00fcndung und Einhaltung von Verpflichtungen sowie die Haftung der IPC Business GmbH f\u00fcr ihre Produkte und Dienstleistungen sind ausschlie\u00dflich die jeweils \u00fcber sie abgeschlossenen vertraglichen Vereinbarungen unter Einbeziehung der Allgemeinen Deutschen Spediteurbedingungen 2017 (ADSp 2017) der IPC Business GmbH ma\u00dfgeblich.<\/p>\n<p>Wenn Sie innerhalb unserer Websites Seiten und Dateien abrufen und dabei aufgefordert werden, Daten \u00fcber sich einzugeben, so weisen wir darauf hin, dass diese Daten\u00fcbertragung \u00fcber das Internet ungesichert erfolgt und die Daten somit von Unbefugten zur Kenntnis genommen oder auch verf\u00e4lscht werden k\u00f6nnen.<br \/>\nVerkn\u00fcpfungen (\u201eLinks\u201c) zu Websites Dritter werden Ihnen als zus\u00e4tzlicher Service zur Verf\u00fcgung gestellt. Diese Websites sind vollkommen unabh\u00e4ngig und liegen au\u00dferhalb der Kontrolle der IPC Business GmbH. Die IPC Business GmbH haftet nicht f\u00fcr die Inhalte der Websites Dritter, auf die Sie \u00fcber die IPC Business GmbH-Website zugreifen, und \u00fcbernimmt keinerlei Verantwortung f\u00fcr den Inhalt, die Datenschutzbestimmungen oder die Nutzung solcher Websites.<\/p>\n<p>Die Informationen auf diesen Webseiten wurden sorgf\u00e4ltig zusammengestellt. Trotz aller Sorgfalt k\u00f6nnen Fehler auftreten. Daher weisen wir ausdr\u00fccklich darauf hin, dass wir keine Haftung oder Garantie f\u00fcr die Vollst\u00e4ndigkeit, Aktualit\u00e4t und Richtigkeit dieser bereitgestellten Informationen \u00fcbernehmen.<br \/>\nAlle Nutzer erkl\u00e4ren ihr Einverst\u00e4ndnis damit, dass die Nutzung der Webseite auf ihr eigenes Risiko erfolgt.<\/p>\n<p>Wir arbeiten ausschlie\u00dflich auf Grundlage der Allgemeinen Deutschen Spediteurbedingungen 2017-ADSp 2017- und soweit diese f\u00fcr die Erbringung logistischer Leistungen nicht gelten \u2013 nach den Logistik AGB, Stand M\u00e4rz 2006. Hinweis: Die ADSp 2017 weichen in Ziffer 23 hinsichtlich des Haftungsh\u00f6chstbetrages f\u00fcr G\u00fcterschaden (\u00a7 431 HGB) vom Gesetz ab, indem sie die Haftung bei multimodalen Transporten unter Einschluss einer Seebef\u00f6rderung und bei unbekannten Schadenort auf 2 SZR\/kg und im \u00dcbrigen die Regelhaftung von 8,33 SZR\/kg zus\u00e4tzlich auf 1,25 Millionen Euro je Schadensfall sowie 2,5 Millionen Euro je Schadensereignis, mindestens aber 2 SZR\/kg, beschr\u00e4nken<\/p>\n<hr \/>\n<p>Plattform der Europ\u00e4ischen Kommission zur Online-Streitbeilegung (OS) f\u00fcr Verbraucher: <a href=\"https:\/\/ec.europa.eu\/consumers\/odr\/\" target=\"_blank\" rel=\"noopener noreferrer\">https:\/\/ec.europa.eu\/consumers\/odr\/<\/a>. Wir sind nicht bereit und nicht verpflichtet an einem Streitbeilegungsverfahren vor einer Verbraucherschlichtungsstelle teilzunehmen.<\/p>\n<hr \/>\n<p><strong>Bilder: <\/strong><a href=\"https:\/\/www.freepik.com\/\">www.freepik.com<\/a><\/p>\n\n\t\t<\/div>\n\t<\/div>\n<\/div><\/div><\/div><\/div>\n","protected":false},"excerpt":{"rendered":"Angaben gem\u00e4\u00df \u00a7 5 TMG: IPC Business GmbH Bitterfelder Strasse 1 04129 Leipzig Germany Handelsregister: B Amtsgericht Leipzig HRB 33533 USt-IdNr:. DE311123598 SteuerNr:. 232\/111\/08215 Gesch\u00e4ftsf\u00fchrer: Harry Scheithauer Kontaktdaten Herr Scheithauer Gesch\u00e4ftsf\u00fchrer Telefon: 0341 24250-230 Mobil: 0151 15539-876 Herr Nobis Manager Kombiverkehre Telefon: 0341 24250-239 Mobil: 0151 19402-874 IT Manager Telefon: 0341 24250-234 Mobil: 01754703-760 Telefax: [...]","protected":false},"author":1,"featured_media":0,"parent":0,"menu_order":0,"comment_status":"closed","ping_status":"closed","template":"","meta":{"footnotes":""},"class_list":["post-141","page","type-page","status-publish","hentry"],"translation":{"provider":"WPGlobus","version":"3.0.2","language":"es","enabled_languages":["de","en","fr","ru","uk","it","pl","es"],"languages":{"de":{"title":true,"content":true,"excerpt":false},"en":{"title":true,"content":false,"excerpt":false},"fr":{"title":true,"content":false,"excerpt":false},"ru":{"title":true,"content":false,"excerpt":false},"uk":{"title":true,"content":false,"excerpt":false},"it":{"title":true,"content":false,"excerpt":false},"pl":{"title":true,"content":false,"excerpt":false},"es":{"title":true,"content":false,"excerpt":false}}},"_links":{"self":[{"href":"https:\/\/ipc-business.de\/es\/wp-json\/wp\/v2\/pages\/141","targetHints":{"allow":["GET"]}}],"collection":[{"href":"https:\/\/ipc-business.de\/es\/wp-json\/wp\/v2\/pages"}],"about":[{"href":"https:\/\/ipc-business.de\/es\/wp-json\/wp\/v2\/types\/page"}],"author":[{"embeddable":true,"href":"https:\/\/ipc-business.de\/es\/wp-json\/wp\/v2\/users\/1"}],"replies":[{"embeddable":true,"href":"https:\/\/ipc-business.de\/es\/wp-json\/wp\/v2\/comments?post=141"}],"version-history":[{"count":19,"href":"https:\/\/ipc-business.de\/es\/wp-json\/wp\/v2\/pages\/141\/revisions"}],"predecessor-version":[{"id":1358,"href":"https:\/\/ipc-business.de\/es\/wp-json\/wp\/v2\/pages\/141\/revisions\/1358"}],"wp:attachment":[{"href":"https:\/\/ipc-business.de\/es\/wp-json\/wp\/v2\/media?parent=141"}],"curies":[{"name":"wp","href":"https:\/\/api.w.org\/{rel}","templated":true}]}}