{"id":176,"date":"2020-05-26T16:22:17","date_gmt":"2020-05-26T14:22:17","guid":{"rendered":"https:\/\/www.ipcbusiness.de\/?page_id=176"},"modified":"2026-01-28T14:53:40","modified_gmt":"2026-01-28T13:53:40","slug":"ipc-business-gmbh-firmeninformation","status":"publish","type":"page","link":"https:\/\/ipc-business.de\/es\/ueber-uns\/ipc-business-gmbh-firmeninformation\/","title":{"rendered":"Informaci\u00f3n de la empresa"},"content":{"rendered":"<div class=\"vc_row wpb_row vc_row-fluid\"><div class=\"wpb_column vc_column_container vc_col-sm-8\"><div class=\"vc_column-inner\"><div class=\"wpb_wrapper\">\n\t<div class=\"wpb_text_column wpb_content_element \" >\n\t\t<div class=\"wpb_wrapper\">\n\t\t\t<h2>IPC Business GmbH \u2013 Firmeninformation<\/h2>\n<p>Mit der IPC Business GmbH \u2013 Firmeninformation, m\u00f6chten wir ihnen einen kleinen \u00fcberblick \u00fcber unser Unternehmen mit seinen spezialisierungen und Services verschaffen.<\/p>\n<p>Hervorgegangen aus einer Ingenieurs- und Planungsgesellschaft sind wir, die IPC Business GmbH seit 2017 auf dem Markt pr\u00e4sent. Seit dieser Zeit schaffen wir Mehrwerte f\u00fcr unsere Kunden.<\/p>\n<p><strong>Innovative Ladungstr\u00e4ger gepaart mit innovativen Ideen<\/strong> machen uns zu einem gefragten spezialisten und Dienstleister im Bereich der <a href=\"https:\/\/ipc-business.de\/unsere-produkte-und-services\/kombiverkehr-gruener-transport\/\">kombinierten Verkehre<\/a>.<\/p>\n<p>Die IPC Business GmbH hat sich auf den Transport von <a href=\"https:\/\/ipc-business.de\/unsere-produkte-und-services\/innovative-ladeeinheiten\/\">Containern<\/a>, Wechselbr\u00fccken, <a href=\"https:\/\/ipc-business.de\/unsere-produkte-und-services\/kranbare-auflieger\/\">Sattelauflieger<\/a> und Swap Bodys spezialisiert. Unsere Mitarbeiter \/ innen bieten <strong>qualitativ hochwertige, logistische Dienstleistungen<\/strong> sowie einen rundum Service an, auf die Sie sich verlassen k\u00f6nnen.<\/p>\n<p><strong>Au\u00dferdem stehen Ihnen unsere freundlichen und professionellen Mitarbeiter \/ innen jederzeit zur Verf\u00fcgung<\/strong>, wenn Sie <a href=\"https:\/\/ipc-business.de\/anfrage\/\">Fragen<\/a> zu unserem Unternehmen oder unseren Services haben.<\/p>\n<p>Egal welche Kombiverkehrsleistungen Sie ben\u00f6tigen, <strong>wir haben das Richtige f\u00fcr Sie zu erschwinglichen Preisen. <\/strong><\/p>\n<p>Das Ziel unseres Unternehmens ist es, Ihnen mit unseren Partnern einen freundlichen, angemessenen, professionellen und erstklassigen Service zu bieten. <strong>Customer First<\/strong><\/p>\n\n\t\t<\/div>\n\t<\/div>\n<\/div><\/div><\/div><div class=\"wpb_column vc_column_container vc_col-sm-4\"><div class=\"vc_column-inner\"><div class=\"wpb_wrapper\">\n\t<div  class=\"wpb_single_image wpb_content_element vc_align_left\">\n\t\t\n\t\t<figure class=\"wpb_wrapper vc_figure\">\n\t\t\t<div class=\"vc_single_image-wrapper vc_box_shadow_border  vc_box_border_grey\"><img loading=\"lazy\" decoding=\"async\" width=\"332\" height=\"332\" src=\"https:\/\/ipc-business.de\/wp-content\/uploads\/ship-1.jpg\" class=\"vc_single_image-img attachment-full\" alt=\"IPC Business GmbH - Intermodale Kombiverkehre\" srcset=\"https:\/\/ipc-business.de\/wp-content\/uploads\/ship-1.jpg 332w, https:\/\/ipc-business.de\/wp-content\/uploads\/ship-1-150x150.jpg 150w, https:\/\/ipc-business.de\/wp-content\/uploads\/ship-1-300x300.jpg 300w\" sizes=\"auto, (max-width: 332px) 100vw, 332px\" \/><\/div>\n\t\t<\/figure>\n\t<\/div>\n<\/div><\/div><\/div><\/div>\n","protected":false},"excerpt":{"rendered":"{:de} IPC Business GmbH \u2013 Firmeninformation Mit der IPC Business GmbH \u2013 Firmeninformation, m\u00f6chten wir ihnen einen kleinen \u00fcberblick \u00fcber unser Unternehmen mit seinen spezialisierungen und Services verschaffen. Hervorgegangen aus einer Ingenieurs- und Planungsgesellschaft sind wir, die IPC Business GmbH seit 2017 auf dem Markt pr\u00e4sent. Seit dieser Zeit schaffen wir Mehrwerte f\u00fcr unsere Kunden. [...]","protected":false},"author":1,"featured_media":0,"parent":407,"menu_order":0,"comment_status":"closed","ping_status":"closed","template":"","meta":{"footnotes":""},"class_list":["post-176","page","type-page","status-publish","hentry"],"translation":{"provider":"WPGlobus","version":"3.0.2","language":"es","enabled_languages":["de","en","fr","ru","uk","it","pl","es"],"languages":{"de":{"title":true,"content":true,"excerpt":false},"en":{"title":true,"content":true,"excerpt":false},"fr":{"title":true,"content":true,"excerpt":false},"ru":{"title":true,"content":true,"excerpt":false},"uk":{"title":true,"content":true,"excerpt":false},"it":{"title":true,"content":true,"excerpt":false},"pl":{"title":true,"content":true,"excerpt":false},"es":{"title":true,"content":false,"excerpt":false}}},"_links":{"self":[{"href":"https:\/\/ipc-business.de\/es\/wp-json\/wp\/v2\/pages\/176","targetHints":{"allow":["GET"]}}],"collection":[{"href":"https:\/\/ipc-business.de\/es\/wp-json\/wp\/v2\/pages"}],"about":[{"href":"https:\/\/ipc-business.de\/es\/wp-json\/wp\/v2\/types\/page"}],"author":[{"embeddable":true,"href":"https:\/\/ipc-business.de\/es\/wp-json\/wp\/v2\/users\/1"}],"replies":[{"embeddable":true,"href":"https:\/\/ipc-business.de\/es\/wp-json\/wp\/v2\/comments?post=176"}],"version-history":[{"count":6,"href":"https:\/\/ipc-business.de\/es\/wp-json\/wp\/v2\/pages\/176\/revisions"}],"predecessor-version":[{"id":1362,"href":"https:\/\/ipc-business.de\/es\/wp-json\/wp\/v2\/pages\/176\/revisions\/1362"}],"up":[{"embeddable":true,"href":"https:\/\/ipc-business.de\/es\/wp-json\/wp\/v2\/pages\/407"}],"wp:attachment":[{"href":"https:\/\/ipc-business.de\/es\/wp-json\/wp\/v2\/media?parent=176"}],"curies":[{"name":"wp","href":"https:\/\/api.w.org\/{rel}","templated":true}]}}