{"id":176,"date":"2020-05-26T16:22:17","date_gmt":"2020-05-26T14:22:17","guid":{"rendered":"https:\/\/www.ipcbusiness.de\/?page_id=176"},"modified":"2026-01-28T14:53:40","modified_gmt":"2026-01-28T13:53:40","slug":"ipc-business-gmbh-firmeninformation","status":"publish","type":"page","link":"https:\/\/ipc-business.de\/fr\/ueber-uns\/ipc-business-gmbh-firmeninformation\/","title":{"rendered":"Informations sur la soci\u00e9t\u00e9"},"content":{"rendered":"<div class=\"vc_row wpb_row vc_row-fluid\"><div class=\"wpb_column vc_column_container vc_col-sm-12\"><div class=\"vc_column-inner\"><div class=\"wpb_wrapper\">\n\t<div class=\"wpb_text_column wpb_content_element \" >\n\t\t<div class=\"wpb_wrapper\">\n\t\t\t<p>Issu d&#8217;une soci\u00e9t\u00e9 d&#8217;ing\u00e9nierie et de planification, nous sommes pr\u00e9sents sur le march\u00e9 depuis 2017. Depuis lors, nous cr\u00e9ons de la valeur ajout\u00e9e pour nos clients. Des porte-charges innovants associ\u00e9s \u00e0 des id\u00e9es innovantes font de nous un prestataire de services recherch\u00e9 dans le domaine du transport combin\u00e9.<\/p>\n\n\t\t<\/div>\n\t<\/div>\n<\/div><\/div><\/div><\/div>\n","protected":false},"excerpt":{"rendered":"{:de} IPC Business GmbH \u2013 Firmeninformation Mit der IPC Business GmbH \u2013 Firmeninformation, m\u00f6chten wir ihnen einen kleinen \u00fcberblick \u00fcber unser Unternehmen mit seinen spezialisierungen und Services verschaffen. Hervorgegangen aus einer Ingenieurs- und Planungsgesellschaft sind wir, die IPC Business GmbH seit 2017 auf dem Markt pr\u00e4sent. Seit dieser Zeit schaffen wir Mehrwerte f\u00fcr unsere Kunden. [...]","protected":false},"author":1,"featured_media":0,"parent":407,"menu_order":0,"comment_status":"closed","ping_status":"closed","template":"","meta":{"footnotes":""},"class_list":["post-176","page","type-page","status-publish","hentry"],"translation":{"provider":"WPGlobus","version":"3.0.2","language":"fr","enabled_languages":["de","en","fr","ru","uk","it","pl","es"],"languages":{"de":{"title":true,"content":true,"excerpt":false},"en":{"title":true,"content":true,"excerpt":false},"fr":{"title":true,"content":true,"excerpt":false},"ru":{"title":true,"content":true,"excerpt":false},"uk":{"title":true,"content":true,"excerpt":false},"it":{"title":true,"content":true,"excerpt":false},"pl":{"title":true,"content":true,"excerpt":false},"es":{"title":true,"content":false,"excerpt":false}}},"_links":{"self":[{"href":"https:\/\/ipc-business.de\/fr\/wp-json\/wp\/v2\/pages\/176","targetHints":{"allow":["GET"]}}],"collection":[{"href":"https:\/\/ipc-business.de\/fr\/wp-json\/wp\/v2\/pages"}],"about":[{"href":"https:\/\/ipc-business.de\/fr\/wp-json\/wp\/v2\/types\/page"}],"author":[{"embeddable":true,"href":"https:\/\/ipc-business.de\/fr\/wp-json\/wp\/v2\/users\/1"}],"replies":[{"embeddable":true,"href":"https:\/\/ipc-business.de\/fr\/wp-json\/wp\/v2\/comments?post=176"}],"version-history":[{"count":6,"href":"https:\/\/ipc-business.de\/fr\/wp-json\/wp\/v2\/pages\/176\/revisions"}],"predecessor-version":[{"id":1362,"href":"https:\/\/ipc-business.de\/fr\/wp-json\/wp\/v2\/pages\/176\/revisions\/1362"}],"up":[{"embeddable":true,"href":"https:\/\/ipc-business.de\/fr\/wp-json\/wp\/v2\/pages\/407"}],"wp:attachment":[{"href":"https:\/\/ipc-business.de\/fr\/wp-json\/wp\/v2\/media?parent=176"}],"curies":[{"name":"wp","href":"https:\/\/api.w.org\/{rel}","templated":true}]}}