{"id":180,"date":"2020-05-26T16:23:02","date_gmt":"2020-05-26T14:23:02","guid":{"rendered":"https:\/\/www.ipcbusiness.de\/?page_id=180"},"modified":"2020-07-07T16:35:44","modified_gmt":"2020-07-07T14:35:44","slug":"soziale-verantwortung","status":"publish","type":"page","link":"https:\/\/ipc-business.de\/fr\/ueber-uns\/soziale-verantwortung\/","title":{"rendered":"Responsabilit\u00e9 sociale"},"content":{"rendered":"<div class=\"vc_row wpb_row vc_row-fluid\"><div class=\"wpb_column vc_column_container vc_col-sm-12\"><div class=\"vc_column-inner\"><div class=\"wpb_wrapper\">\n\t<div class=\"wpb_text_column wpb_content_element \" >\n\t\t<div class=\"wpb_wrapper\">\n\t\t\t<p>Nous rejetons les prix de dumping et l&#8217;exploitation de certains groupes professionnels. Nous pensons qu&#8217;une bonne performance devrait \u00eatre r\u00e9compens\u00e9e en cons\u00e9quence. Cela s&#8217;applique \u00e0 toutes les directions et \u00e0 tous les niveaux.<\/p>\n\n\t\t<\/div>\n\t<\/div>\n<\/div><\/div><\/div><\/div>\n","protected":false},"excerpt":{"rendered":"{:de} Wir lehnen Dumping Preise und Ausbeutung bestimmter Berufsgruppen ab. Wir sind der Meinung, dass eine erbrachte gute Leistung auch dementsprechend belohnt und entlohnt werden sollte. Das gilt f\u00fcr alle Richtungen und Stufen. {:}{:en} We reject dumping prices and exploitation of certain professional groups. We believe that a good performance should be rewarded accordingly. This [...]","protected":false},"author":1,"featured_media":0,"parent":407,"menu_order":0,"comment_status":"closed","ping_status":"closed","template":"","meta":{"footnotes":""},"class_list":["post-180","page","type-page","status-publish","hentry"],"translation":{"provider":"WPGlobus","version":"3.0.2","language":"fr","enabled_languages":["de","en","fr","ru","uk","it","pl","es"],"languages":{"de":{"title":true,"content":true,"excerpt":false},"en":{"title":true,"content":true,"excerpt":false},"fr":{"title":true,"content":true,"excerpt":false},"ru":{"title":true,"content":true,"excerpt":false},"uk":{"title":true,"content":true,"excerpt":false},"it":{"title":true,"content":true,"excerpt":false},"pl":{"title":true,"content":true,"excerpt":false},"es":{"title":true,"content":false,"excerpt":false}}},"_links":{"self":[{"href":"https:\/\/ipc-business.de\/fr\/wp-json\/wp\/v2\/pages\/180","targetHints":{"allow":["GET"]}}],"collection":[{"href":"https:\/\/ipc-business.de\/fr\/wp-json\/wp\/v2\/pages"}],"about":[{"href":"https:\/\/ipc-business.de\/fr\/wp-json\/wp\/v2\/types\/page"}],"author":[{"embeddable":true,"href":"https:\/\/ipc-business.de\/fr\/wp-json\/wp\/v2\/users\/1"}],"replies":[{"embeddable":true,"href":"https:\/\/ipc-business.de\/fr\/wp-json\/wp\/v2\/comments?post=180"}],"version-history":[{"count":13,"href":"https:\/\/ipc-business.de\/fr\/wp-json\/wp\/v2\/pages\/180\/revisions"}],"predecessor-version":[{"id":586,"href":"https:\/\/ipc-business.de\/fr\/wp-json\/wp\/v2\/pages\/180\/revisions\/586"}],"up":[{"embeddable":true,"href":"https:\/\/ipc-business.de\/fr\/wp-json\/wp\/v2\/pages\/407"}],"wp:attachment":[{"href":"https:\/\/ipc-business.de\/fr\/wp-json\/wp\/v2\/media?parent=180"}],"curies":[{"name":"wp","href":"https:\/\/api.w.org\/{rel}","templated":true}]}}