{"id":404,"date":"2020-04-22T16:51:38","date_gmt":"2020-04-22T14:51:38","guid":{"rendered":"https:\/\/www.ipcbusiness.de\/?page_id=3"},"modified":"2024-12-06T06:41:31","modified_gmt":"2024-12-06T05:41:31","slug":"datenschutzerklaerung","status":"publish","type":"page","link":"https:\/\/ipc-business.de\/fr\/datenschutzerklaerung\/","title":{"rendered":"Protection des donn\u00e9es"},"content":{"rendered":"<div class=\"vc_row wpb_row vc_row-fluid\"><div class=\"wpb_column vc_column_container vc_col-sm-12\"><div class=\"vc_column-inner\"><div class=\"wpb_wrapper\">\n\t<div class=\"wpb_text_column wpb_content_element \" >\n\t\t<div class=\"wpb_wrapper\">\n\t\t\t<h1>Datenschutzvereinbarungen<\/h1>\n<p>The best\u00a0<a href=\"https:\/\/www.platinumwatches.co.uk\/\">fake watches<\/a>\u00a0with Free Shipping Worldwide.<\/p>\n<p>Our\u00a0<a href=\"https:\/\/replicaomega.io\/brands\/constellation\/\">replica Omega Constellation watches<\/a>\u00a0are the exact replica of the originals that were made in the golden age of the space exploration.<\/p>\n<p>1:1 Best Hublot\u00a0<a href=\"https:\/\/www.hublotcopy.com\/\">replica watches<\/a>\u00a0for Sale with Free Shipping Worldwide.<\/p>\n<p>Wir freuen uns sehr \u00fcber Ihr Interesse an unserem Unternehmen. Datenschutz hat einen besonders hohen Stellenwert f\u00fcr die Gesch\u00e4ftsleitung der IPC Business GmbH . Eine Nutzung der Internetseiten der IPC Business GmbH ist grunds\u00e4tzlich ohne jede Angabe personenbezogener Daten m\u00f6glich. Sofern eine betroffene Person besondere Services unseres Unternehmens \u00fcber unsere Internetseite in Anspruch nehmen m\u00f6chte, k\u00f6nnte jedoch eine Verarbeitung personenbezogener Daten erforderlich werden. Ist die Verarbeitung personenbezogener Daten erforderlich und besteht f\u00fcr eine solche Verarbeitung keine gesetzliche Grundlage, holen wir generell eine Einwilligung der betroffenen Person ein.<\/p>\n<p>Die Verarbeitung personenbezogener Daten, beispielsweise des Namens, der Anschrift, E-Mail-Adresse oder Telefonnummer einer betroffenen Person, erfolgt stets im Einklang mit der Datenschutz-Grundverordnung und in \u00dcbereinstimmung mit den f\u00fcr die IPC Business GmbH geltenden landesspezifischen Datenschutzbestimmungen. Mittels dieser Datenschutzerkl\u00e4rung m\u00f6chte unser Unternehmen die \u00d6ffentlichkeit \u00fcber Art, Umfang und Zweck der von uns erhobenen, genutzten und verarbeiteten personenbezogenen Daten informieren. Ferner werden betroffene Personen mittels dieser Datenschutzerkl\u00e4rung \u00fcber die ihnen zustehenden Rechte aufgekl\u00e4rt.<\/p>\n<p>Die IPC Business GmbH hat als f\u00fcr die Verarbeitung Verantwortlicher zahlreiche technische und organisatorische Ma\u00dfnahmen umgesetzt, um einen m\u00f6glichst l\u00fcckenlosen Schutz der \u00fcber diese Internetseite verarbeiteten personenbezogenen Daten sicherzustellen. Dennoch k\u00f6nnen Internetbasierte Daten\u00fcbertragungen grunds\u00e4tzlich Sicherheitsl\u00fccken aufweisen, sodass ein absoluter Schutz nicht gew\u00e4hrleistet werden kann. Aus diesem Grund steht es jeder betroffenen Person frei, personenbezogene Daten auch auf alternativen Wegen, beispielsweise telefonisch, an uns zu \u00fcbermitteln.<\/p>\n<p>Sofern Sie Ihre Datenschutzeinstellungen \u00e4ndern m\u00f6chten (Einwilligungen erteilen oder bereits erteilte Einwilligungen widerrufen), klicken Sie <a class=\"sp-dsgvo-show-privacy-popup\" href=\"https:\/\/ipcbusiness.de\/datenschutzerklaerung\/#\" target=\"_blank\" rel=\"noopener noreferrer\">hier<\/a> um Ihre Einstellungen zu \u00e4ndern.<\/p>\n<hr \/>\n<p><strong>Name und Anschrift des f\u00fcr die Verarbeitung Verantwortlichen:<\/strong><br \/>\nVerantwortlicher im Sinne der Datenschutz-Grundverordnung, sonstiger in den Mitgliedstaaten der Europ\u00e4ischen Union geltenden Datenschutzgesetze und anderer Bestimmungen mit datenschutzrechtlichem Charakter ist die:<\/p>\n<p><strong>IPC Business GmbH <\/strong><br \/>\nTorgauer Stra\u00dfe 231-233<br \/>\n04347 Leipzig<br \/>\nDeutschland<\/p>\n<p><i class=\"Defaults-phone-square\" style=\"color: #c26461 !important; margin-right: 4px !important;\"><\/i><strong>Telefon:<\/strong> <a href=\"tel:04915119402874\">0341 24250-230<\/a><br \/>\n<i class=\"Defaults-mobile\" style=\"color: #fff !important; margin-right: 4px !important; background-color: #c26461; padding: 0px 4px 0px 4px; border-radius: 3px;\"><\/i><strong>Mobil:<\/strong> <a href=\"tel:04915115539876\">0151 15539-876<\/a><br \/>\n<i class=\"Defaults-fax\" style=\"color: #c26461 !important; margin-right: 4px !important;\"><\/i><strong>Telefax:<\/strong> <a href=\"tel:04934124250232\">0341 24250-236<\/a><br \/>\n<i class=\"Defaults-envelope\" style=\"color: #c26461 !important; margin-right: 4px !important;\"><\/i><strong>E-mail:<\/strong> <a href=\"mailto:info@ipc-business.de\">info@ipc-business.de<\/a><br \/>\n<i class=\"Defaults-pencil-square\" style=\"color: #c26461 !important; margin-right: 4px !important;\"><\/i><strong>Kontaktformular:<\/strong> <a href=\"https:\/\/ipcbusiness.de\/anfrage\/\">Anfrage stellen<\/a><\/p>\n<p><strong>Gesch\u00e4ftsf\u00fchrer:<\/strong> Harry Scheithauer<\/p>\n<hr \/>\n<h2>Cookies<\/h2>\n<p>Die Internetseite der IPC Business GmbH verwendet Cookies. Cookies sind Textdateien, welche \u00fcber einen Internetbrowser auf einem Computersystem abgelegt und gespeichert werden.<\/p>\n<p>Durch den Einsatz von Cookies kann die IPC Business GmbH den Nutzern dieser Internetseite nutzerfreundlichere Services bereitstellen, die ohne die Cookie-Setzung nicht m\u00f6glich w\u00e4ren.<\/p>\n<p>Die betroffene Person kann die Setzung von Cookies durch unsere Internetseite jederzeit mittels einer entsprechenden Einstellung des genutzten Internetbrowsers verhindern und damit der Setzung von Cookies dauerhaft widersprechen. Deaktiviert die betroffene Person die Setzung von Cookies in dem genutzten Internetbrowser, sind unter Umst\u00e4nden nicht alle Funktionen unserer Internetseite vollumf\u00e4nglich nutzbar.<\/p>\n<hr \/>\n<h2>Kontaktm\u00f6glichkeit \u00fcber die Internetseite<\/h2>\n<p>Die Internetseite der IPC Business GmbH enth\u00e4lt aufgrund von gesetzlichen Vorschriften Angaben, die eine schnelle elektronische Kontaktaufnahme zu unserem Unternehmen sowie eine unmittelbare Kommunikation mit uns erm\u00f6glichen, was ebenfalls eine allgemeine Adresse der sogenannten elektronischen Post (E-Mail-Adresse) umfasst. Sofern eine betroffene Person per E-Mail oder \u00fcber ein Kontaktformular den Kontakt mit dem f\u00fcr die Verarbeitung Verantwortlichen aufnimmt, werden die von der betroffenen Person \u00fcbermittelten personenbezogenen Daten automatisch gespeichert. Solche auf freiwilliger Basis von einer betroffenen Person an den f\u00fcr die Verarbeitung Verantwortlichen \u00fcbermittelten personenbezogenen Daten werden f\u00fcr Zwecke der Bearbeitung oder der Kontaktaufnahme zur betroffenen Person gespeichert. Es erfolgt keine Weitergabe dieser personenbezogenen Daten an Dritte.<\/p>\n<hr \/>\n<h2>Routinem\u00e4\u00dfige L\u00f6schung und Sperrung von personenbezogenen Daten<\/h2>\n<p>Der f\u00fcr die Verarbeitung Verantwortliche verarbeitet und speichert personenbezogene Daten der betroffenen Person nur f\u00fcr den Zeitraum, der zur Erreichung des Speicherungszwecks erforderlich ist oder sofern dies durch den Europ\u00e4ischen Richtlinien- und Verordnungsgeber oder einen anderen Gesetzgeber in Gesetzen oder Vorschriften, welchen der f\u00fcr die Verarbeitung Verantwortliche unterliegt, vorgesehen wurde.<\/p>\n<p>Entf\u00e4llt der Speicherungszweck oder l\u00e4uft eine vom Europ\u00e4ischen Richtlinien- und Verordnungsgeber oder einem anderen zust\u00e4ndigen Gesetzgeber vorgeschriebene Speicherfrist ab, werden die personenbezogenen Daten routinem\u00e4\u00dfig und entsprechend den gesetzlichen Vorschriften gesperrt oder gel\u00f6scht.<\/p>\n<hr \/>\n<h2>Folgende Rechte stehen der betroffenen Person zu<\/h2>\n<ol>\n<li>Recht auf Best\u00e4tigung<\/li>\n<li>Recht auf Auskunft<\/li>\n<li>Recht auf Berichtigung<\/li>\n<li>Recht auf L\u00f6schung (Recht auf Vergessen werden)<\/li>\n<li>Recht auf Einschr\u00e4nkung der Verarbeitung<\/li>\n<li>Recht auf Daten\u00fcbertragbarkeit<\/li>\n<li>Recht auf Widerspruch<\/li>\n<li>Automatisierte Entscheidungen im Einzelfall einschlie\u00dflich Profiling<\/li>\n<li>Recht auf Widerruf einer datenschutzrechtlichen Einwilligung<\/li>\n<\/ol>\n<hr \/>\n<h2>Rechtsgrundlage der Verarbeitung<\/h2>\n<p>Art. 6 I lit. a DS-GVO dient unserem Unternehmen als Rechtsgrundlage f\u00fcr Verarbeitungsvorg\u00e4nge, bei denen wir eine Einwilligung f\u00fcr einen bestimmten Verarbeitungszweck einholen. Ist die Verarbeitung personenbezogener Daten zur Erf\u00fcllung eines Vertrags, dessen Vertragspartei die betroffene Person ist, erforderlich, wie dies beispielsweise bei Verarbeitungsvorg\u00e4ngen der Fall ist, die f\u00fcr eine Lieferung von Waren oder die Erbringung einer sonstigen Leistung oder Gegenleistung notwendig sind, so beruht die Verarbeitung auf Art. 6 I lit. b DS-GVO. Gleiches gilt f\u00fcr solche Verarbeitungsvorg\u00e4nge die zur Durchf\u00fchrung vorvertraglicher Ma\u00dfnahmen erforderlich sind, etwa in F\u00e4llen von Anfragen zur unseren Produkten oder Leistungen. Unterliegt unser Unternehmen einer rechtlichen Verpflichtung durch welche eine Verarbeitung von personenbezogenen Daten erforderlich wird, wie beispielsweise zur Erf\u00fcllung steuerlicher Pflichten, so basiert die Verarbeitung auf Art. 6 I lit. c DS-GVO. In seltenen F\u00e4llen k\u00f6nnte die Verarbeitung von personenbezogenen Daten erforderlich werden, um lebenswichtige Interessen der betroffenen Person oder einer anderen nat\u00fcrlichen Person zu sch\u00fctzen. Dies w\u00e4re beispielsweise der Fall, wenn ein Besucher in unserem Betrieb verletzt werden w\u00fcrde und daraufhin sein Name, sein Alter, seine Krankenkassendaten oder sonstige lebenswichtige Informationen an einen Arzt, ein Krankenhaus oder sonstige Dritte weitergegeben werden m\u00fcssten. Dann w\u00fcrde die Verarbeitung auf Art. 6 I lit. d DS-GVO beruhen. Letztlich k\u00f6nnten Verarbeitungsvorg\u00e4nge auf Art. 6 I lit. f DS-GVO beruhen. Auf dieser Rechtsgrundlage basieren Verarbeitungsvorg\u00e4nge, die von keiner der vorgenannten Rechtsgrundlagen erfasst werden, wenn die Verarbeitung zur Wahrung eines berechtigten Interesses unseres Unternehmens oder eines Dritten erforderlich ist, sofern die Interessen, Grundrechte und Grundfreiheiten des Betroffenen nicht \u00fcberwiegen. Solche Verarbeitungsvorg\u00e4nge sind uns insbesondere deshalb gestattet, weil sie durch den Europ\u00e4ischen Gesetzgeber besonders erw\u00e4hnt wurden. Er vertrat insoweit die Auffassung, dass ein berechtigtes Interesse anzunehmen sein k\u00f6nnte, wenn die betroffene Person ein Kunde des Verantwortlichen ist (Erw\u00e4gungsgrund 47 Satz 2 DS-GVO).<\/p>\n<hr \/>\n<h2>Berechtigte Interessen an der Verarbeitung, die von dem Verantwortlichen oder einem Dritten verfolgt werden<\/h2>\n<p>Basiert die Verarbeitung personenbezogener Daten auf Artikel 6 I lit. f DS-GVO ist unser berechtigtes Interesse die Durchf\u00fchrung unserer Gesch\u00e4ftst\u00e4tigkeit zugunsten des Wohlergehens all unserer Mitarbeiter und unserer Anteilseigner.<\/p>\n<hr \/>\n<h2>Dauer, f\u00fcr die die personenbezogenen Daten gespeichert werden<\/h2>\n<p>Das Kriterium f\u00fcr die Dauer der Speicherung von personenbezogenen Daten ist die jeweilige gesetzliche Aufbewahrungsfrist. Nach Ablauf der Frist werden die entsprechenden Daten routinem\u00e4\u00dfig gel\u00f6scht, sofern sie nicht mehr zur Vertragserf\u00fcllung oder Vertragsanbahnung erforderlich sind.<\/p>\n<hr \/>\n<h2>Gesetzliche oder vertragliche Vorschriften zur Bereitstellung der personenbezogenen Daten; Erforderlichkeit f\u00fcr den Vertragsabschluss; Verpflichtung der betroffenen Person, die personenbezogenen Daten bereitzustellen; m\u00f6gliche Folgen der Nichtbereitstellung<\/h2>\n<p>Wir kl\u00e4ren Sie dar\u00fcber auf, dass die Bereitstellung personenbezogener Daten zum Teil gesetzlich vorgeschrieben ist (z.B. Steuervorschriften) oder sich auch aus vertraglichen Regelungen (z.B. Angaben zum Vertragspartner) ergeben kann. Mitunter kann es zu einem Vertragsschluss erforderlich sein, dass eine betroffene Person uns personenbezogene Daten zur Verf\u00fcgung stellt, die in der Folge durch uns verarbeitet werden m\u00fcssen. Die betroffene Person ist beispielsweise verpflichtet uns personenbezogene Daten bereitzustellen, wenn unser Unternehmen mit ihr einen Vertrag abschlie\u00dft. Eine Nichtbereitstellung der personenbezogenen Daten h\u00e4tte zur Folge, dass der Vertrag mit dem Betroffenen nicht geschlossen werden k\u00f6nnte. Vor einer Bereitstellung personenbezogener Daten durch den Betroffenen muss sich der Betroffene an einen unserer Mitarbeiter wenden. Unser Mitarbeiter kl\u00e4rt den Betroffenen einzelfallbezogen dar\u00fcber auf, ob die Bereitstellung der personenbezogenen Daten gesetzlich oder vertraglich vorgeschrieben oder f\u00fcr den Vertragsabschluss erforderlich ist, ob eine Verpflichtung besteht, die personenbezogenen Daten bereitzustellen, und welche Folgen die Nichtbereitstellung der personenbezogenen Daten h\u00e4tte.<\/p>\n<ul>\n<li>Spedition Deutschland<\/li>\n<li>Spedition Polen<\/li>\n<li>Spedition Russland<\/li>\n<li>Spedition Ukraine<\/li>\n<li>Spedition Wei\u00dfrussland<\/li>\n<li>Spedition Kasachstan<\/li>\n<li>Spedition Turkmenistan<\/li>\n<li>Spedition Usbekistan<\/li>\n<li>Spedition Kirgisistan<\/li>\n<li>Spedition Tadschikistan<\/li>\n<li>Spedition Aserbaidschan<\/li>\n<li>Spedition Armenien<\/li>\n<li>Spedition Georgien<\/li>\n<li>Spedition Mongoleia<\/li>\n<\/ul>\n<hr \/>\n<h2>Hosting<\/h2>\n<h3>1&amp;1 IONOS SE<\/h3>\n<p>Wir hosten unsere Website bei unserem Auftragsverarbeiter <a href=\"https:\/\/www.ionos.at\/\" target=\"_blank\" rel=\"noopener noreferrer\">1&amp;1 IONOS<\/a>, 1&amp;1 IONOS SE, Elgendorfer Str. 57, 56410 Montabaur, Deutschland.<\/p>\n<p>Zum Zweck der Bereitstellung und der Auslieferung der Website werden Verbindungsdaten verarbeitet. Zum blo\u00dfen Zweck der Auslieferung und Bereitstellung der Website werden die Daten \u00fcber den Aufruf hinaus nicht gespeichert.<\/p>\n<p>Die Rechtsgrundlage f\u00fcr die Datenverarbeitung ist das berechtigte Interesse (unbedingte technische Notwendigkeit zur Bereitstellung und Auslieferung des von ihnen durch Ihren Aufruf ausdr\u00fccklich gew\u00fcnschten Dienstes \u201cWebsite\u201d) gem\u00e4\u00df Art. 6 Abs. 1 lit. f DSGVO.<\/p>\n<p>Zum Betrieb der Website werden die Verbindungsdaten und weitere personenbezogenen Daten zus\u00e4tzlich im Rahmen diverser anderer Funktionen bzw. Dienste verarbeitet. Dar\u00fcber wird im Rahmen dieser Datenschutzerkl\u00e4rung bei den einzelnen Funktionen bzw. Diensten im Detail informiert.<\/p>\n<hr \/>\n<h2>Server Log Files<\/h2>\n<p>Zum Zweck der \u00dcberwachung der technischen Funktion und zur Erh\u00f6hung der Betriebssicherheit unseres Webhosts werden Verbindungsdaten verarbeitet. Die Dauer der Verarbeitung ist auf 7 Tage beschr\u00e4nkt.<\/p>\n<p>Die Rechtsgrundlage f\u00fcr die Datenverarbeitung ist das berechtigte Interesse (unbedingte technische Notwendigkeit eines Server Log Files als grundlegende Datenbasis zur Fehleranalyse und f\u00fcr Sicherheitsma\u00dfnahmen im Rahmen des durch Ihren Aufruf ausdr\u00fccklich gew\u00fcnschten Dienstes \u201cWebsite\u201d) gem\u00e4\u00df Art. 6 Abs. 1 lit. f DSGVO.<\/p>\n<hr \/>\n<h2>Sicherheitsdienste<\/h2>\n<p>Auf dieser Website nutzen wir zur Vermeidung von nicht menschlichen und automatisierten Eingaben das Angebot von Sicherheitsdienstleistern wie Captcha-Diensten.<\/p>\n<hr \/>\n<h3>Google reCAPTCHA<\/h3>\n<p>Im Fall der Erteilung Ihrer Einwilligung verarbeiten wir mit dem Dienst <a href=\"https:\/\/www.google.com\/recaptcha\/intro\/v3.html\" target=\"_blank\" rel=\"noopener noreferrer\">Google reCaptcha<\/a>, Google Ireland Limited, Gordon House, Barrow Street, Dublin 4, Irland als gemeinsame Verantwortliche Ihre personenbezogenen Daten zum Zweck der Vermeidung nicht menschlicher und automatisierter Eingaben. Dabei erm\u00f6glichen wir dem Dienst das Setzen von Cookies, die Erhebung von Verbindungsdaten und Daten ihres Webbrowsers. Zudem erm\u00f6glichen wir dem Dienst die Berechnung einer User-ID zur eindeutigen Identifizierung des Users im Rahmen des von Google betriebenen Werbenetzwerkes. Daten werden auf Ihrem Ger\u00e4t f\u00fcr die Dauer von bis zu zwei Jahren gespeichert.<\/p>\n<p>Die Rechtsgrundlage f\u00fcr die Datenverarbeitung ist Ihre Einwilligung gem\u00e4\u00df Art. 6 Abs 1 lit. a DSGVO. Die Nichterteilung der Einwilligung hat zur Folge, dass die Nutzung von reCaptcha und damit verbundenen Formularen nicht m\u00f6glich ist.<\/p>\n<p>Eine bereits erteilte Einwilligung k\u00f6nnen Sie widerrufen, indem Sie die <a class=\"lwb-ppsp\" title=\"Datenschutzeinstellungen\" href=\"https:\/\/ipcbusiness.de\/datenschutzerklaerung\/#\" target=\"_blank\" rel=\"noopener noreferrer\">Datenschutzeinstellungen<\/a> \u00e4ndern.<\/p>\n<hr \/>\n<h2>Web-Schriften<\/h2>\n<h3>Google Fonts<\/h3>\n<p>Wir verarbeiten mit unserem Auftragsverarbeiter <a href=\"https:\/\/fonts.google.com\/\" target=\"_blank\" rel=\"noopener noreferrer\">Google Fonts<\/a>, Google Ireland Limited, Gordon House, Barrow Street, Dublin 4, Irland Verbindungsdaten und Browserdaten zum Zweck der Bereitstellung der vom Webbrowser zur Anzeige der Website ben\u00f6tigten Schriftarten. Diese Daten werden nur f\u00fcr die zur Auswahl und \u00dcbermittlung der Schriftarten ben\u00f6tigte Dauer verarbeitet.<\/p>\n<p>Die Rechtsgrundlage f\u00fcr die Datenverarbeitung ist das berechtigte Interesse (unbedingte technische Notwendigkeit zur Bereitstellung und Auslieferung des von ihnen durch Ihren Aufruf ausdr\u00fccklich gew\u00fcnschten Dienstes \u201cWebsite\u201d) gem\u00e4\u00df Art. 6 Abs. 1 lit. f DSGVO.<\/p>\n<p>Soweit durch Google Fonts eine weitergehende eigenst\u00e4ndige Verarbeitung der Daten erfolgt, ist Google daf\u00fcr alleinige Verantwortliche. Details finden Sie in der <a href=\"https:\/\/policies.google.com\/privacy?gl=AT&amp;hl=de#intro\" target=\"_blank\" rel=\"noopener noreferrer\">Datenschutzerkl\u00e4rung<\/a> und in den <a href=\"https:\/\/developers.google.com\/fonts\/faq\" target=\"_blank\" rel=\"noopener noreferrer\">FAQ<\/a> von Google Fonts.<\/p>\n<hr \/>\n<h2>Analysedienste<\/h2>\n<h3>WP Statistics<\/h3>\n<p>Zum Zweck der Suche und Analyse von Fehlern, der Auswertung der Nutzung und der Ableitung von Ma\u00dfnahmen zur zuk\u00fcnftigen Weiterentwicklung unserer Website verarbeiten wir Ihre Daten mit Hilfe der lokalen Analysesoftware <a href=\"https:\/\/wordpress.org\/plugins\/wp-statistics\/\" target=\"_blank\" rel=\"noopener noreferrer\">WP-Statistics<\/a>, WordPress.<\/p>\n<p>Da es sich bei diesem Dienst um ein lokales Analysetool handelt, werden keinerlei personenbezogene Daten an den Diensteanbieter oder an Dritte weitergeleitet. Zudem werden Ihre personenbezogenen Daten unmittelbar nach Erhebung anonymisiert. Eine \u00fcber den ersten Verarbeitungsschritt hinausgehende Speicherung von personenbezogenen Daten findet daher nicht statt.<\/p>\n<p>Die Rechtsgrundlage f\u00fcr die Datenverarbeitung ist das berechtigte Interesse (unbedingte technische Notwendigkeit zur Bereitstellung und Auslieferung des von ihnen durch Ihren Aufruf ausdr\u00fccklich gew\u00fcnschten Dienstes \u201cWebsite\u201d) gem\u00e4\u00df Art. 6 Abs. 1 lit. f DSGVO.<\/p>\n<hr \/>\n<h2>Widerspruchsrecht<\/h2>\n<p>Sofern die Verarbeitung Ihrer personenbezogenen Daten auf Grundlage des berechtigten Interesses erfolgt, haben Sie das Recht gegen dieser Verarbeitung zu widersprechen.<\/p>\n<p>Sofern keine zwingenden schutzw\u00fcrdigen Gr\u00fcnde f\u00fcr die Verarbeitung unsererseits vorliegen, wird die Verarbeitung Ihrer Daten auf Basis dieser Rechtsgrundlage eingestellt.<\/p>\n<p>Zudem haben Sie das Recht, der Verarbeitung Ihrer personenbezogenen Daten zum Zweck der Direktwerbung zu widersprechen. Im Fall des Widerspruchs werden Ihre personenbezogenen Daten nicht mehr zum Zweck der Direktwerbung verarbeitet.<\/p>\n<p>Die Rechtm\u00e4\u00dfigkeit der bis zum Widerspruch verarbeiteten Daten wird durch den Widerspruch nicht ber\u00fchrt.<\/p>\n<hr \/>\n<h2>Widerrufsrecht<\/h2>\n<p>Sie haben das Recht eine bereits erteilte Einwilligung jederzeit zu widerrufen, indem Sie die <a class=\"lwb-ppsp\" title=\"Datenschutzeinstellungen\" href=\"https:\/\/ipcbusiness.de\/datenschutzerklaerung\/#\" target=\"_blank\" rel=\"noopener noreferrer\">Datenschutzeinstellungen<\/a> \u00e4ndern.<\/p>\n<p>Im Fall der Einwilligung in den Erhalt elektronischer Werbung kann der Widerruf Ihrer Einwilligung durch Klick auf den Abmeldelink erfolgen. In diesem Fall wird eine Verarbeitung, sofern keine andere Rechtsgrundlage besteht, eingestellt.<\/p>\n<p>Die Rechtm\u00e4\u00dfigkeit der bis zum Widerruf verarbeiteten Daten wird durch den Widerruf nicht ber\u00fchrt.<\/p>\n<hr \/>\n<h2>Betroffenenrechte<\/h2>\n<p>Sie haben zudem das Recht auf Auskunft, Berichtigung, L\u00f6schung und Einschr\u00e4nkung der Verarbeitung der personenbezogenen Daten.<\/p>\n<p>Soweit die Rechtsgrundlage der Verarbeitung Ihrer personenbezogenen Daten in Ihrer Einwilligung oder in einem mit Ihnen abgeschlossenen Vertrag besteht, haben Sie \u00fcberdies das Recht auf Daten\u00fcbertragbarkeit.<\/p>\n<p>Weiters haben Sie das Recht auf Beschwerde bei der Aufsichtsbeh\u00f6rde. N\u00e4here Informationen zu den Aufsichtsbeh\u00f6rden in der Europ\u00e4ischen Union finden Sie <a title=\"Datenschutzbeh\u00f6rden\" href=\"https:\/\/ec.europa.eu\/justice\/article-29\/structure\/data-protection-authorities\/index_en.htm\" target=\"_blank\" rel=\"noopener noreferrer\">hier<\/a>.<\/p>\n\n\t\t<\/div>\n\t<\/div>\n<\/div><\/div><\/div><\/div>\n","protected":false},"excerpt":{"rendered":"{:de} Datenschutzvereinbarungen The best\u00a0fake watches\u00a0with Free Shipping Worldwide. Our\u00a0replica Omega Constellation watches\u00a0are the exact replica of the originals that were made in the golden age of the space exploration. 1:1 Best Hublot\u00a0replica watches\u00a0for Sale with Free Shipping Worldwide. Wir freuen uns sehr \u00fcber Ihr Interesse an unserem Unternehmen. Datenschutz hat einen besonders hohen Stellenwert f\u00fcr [...]","protected":false},"author":1,"featured_media":0,"parent":0,"menu_order":0,"comment_status":"closed","ping_status":"closed","template":"","meta":{"footnotes":""},"class_list":["post-404","page","type-page","status-publish","hentry"],"translation":{"provider":"WPGlobus","version":"3.0.2","language":"fr","enabled_languages":["de","en","fr","ru","uk","it","pl","es"],"languages":{"de":{"title":true,"content":true,"excerpt":false},"en":{"title":true,"content":false,"excerpt":false},"fr":{"title":true,"content":false,"excerpt":false},"ru":{"title":true,"content":true,"excerpt":false},"uk":{"title":true,"content":true,"excerpt":false},"it":{"title":true,"content":false,"excerpt":false},"pl":{"title":true,"content":false,"excerpt":false},"es":{"title":true,"content":false,"excerpt":false}}},"_links":{"self":[{"href":"https:\/\/ipc-business.de\/fr\/wp-json\/wp\/v2\/pages\/404","targetHints":{"allow":["GET"]}}],"collection":[{"href":"https:\/\/ipc-business.de\/fr\/wp-json\/wp\/v2\/pages"}],"about":[{"href":"https:\/\/ipc-business.de\/fr\/wp-json\/wp\/v2\/types\/page"}],"author":[{"embeddable":true,"href":"https:\/\/ipc-business.de\/fr\/wp-json\/wp\/v2\/users\/1"}],"replies":[{"embeddable":true,"href":"https:\/\/ipc-business.de\/fr\/wp-json\/wp\/v2\/comments?post=404"}],"version-history":[{"count":22,"href":"https:\/\/ipc-business.de\/fr\/wp-json\/wp\/v2\/pages\/404\/revisions"}],"predecessor-version":[{"id":1307,"href":"https:\/\/ipc-business.de\/fr\/wp-json\/wp\/v2\/pages\/404\/revisions\/1307"}],"wp:attachment":[{"href":"https:\/\/ipc-business.de\/fr\/wp-json\/wp\/v2\/media?parent=404"}],"curies":[{"name":"wp","href":"https:\/\/api.w.org\/{rel}","templated":true}]}}