{"id":405,"date":"2020-04-22T17:19:06","date_gmt":"2020-04-22T15:19:06","guid":{"rendered":"https:\/\/www.ipcbusiness.de\/?page_id=14"},"modified":"2020-07-07T16:05:11","modified_gmt":"2020-07-07T14:05:11","slug":"unsere-produkte-und-services","status":"publish","type":"page","link":"https:\/\/ipc-business.de\/fr\/unsere-produkte-und-services\/","title":{"rendered":"Nos produits et services"},"content":{"rendered":"<div class=\"vc_row wpb_row vc_row-fluid\"><div class=\"wpb_column vc_column_container vc_col-sm-12\"><div class=\"vc_column-inner\"><div class=\"wpb_wrapper\">\n\t<div class=\"wpb_text_column wpb_content_element \" >\n\t\t<div class=\"wpb_wrapper\">\n\t\t\t<p>Nous nous consid\u00e9rons comme un prestataire de services pour le transport et la logistique. Nous sommes heureux de d\u00e9velopper des solutions pour vos besoins de transport. Nous utilisons diff\u00e9rents modes de transport dans le transport combin\u00e9 intermodal.<\/p>\n\n\t\t<\/div>\n\t<\/div>\n<\/div><\/div><\/div><\/div>\n","protected":false},"excerpt":{"rendered":"{:de} Wir verstehen uns als Dienstleister f\u00fcr Transporte und Logistik. Gerne entwickeln wir L\u00f6sungen f\u00fcr Ihren Transportbedarf. Dabei nutzen wir verschiedene Verkehrstr\u00e4ger im intermodalen Kombiverkehr. {:}{:en} We see ourselves as a service provider for transport and logistics. We are happy to develop solutions for your transportation needs. We use different modes of transport in intermodal [...]","protected":false},"author":1,"featured_media":0,"parent":0,"menu_order":0,"comment_status":"closed","ping_status":"closed","template":"","meta":{"footnotes":""},"class_list":["post-405","page","type-page","status-publish","hentry"],"translation":{"provider":"WPGlobus","version":"3.0.2","language":"fr","enabled_languages":["de","en","fr","ru","uk","it","pl","es"],"languages":{"de":{"title":true,"content":true,"excerpt":false},"en":{"title":true,"content":true,"excerpt":false},"fr":{"title":true,"content":true,"excerpt":false},"ru":{"title":true,"content":true,"excerpt":false},"uk":{"title":true,"content":true,"excerpt":false},"it":{"title":true,"content":false,"excerpt":false},"pl":{"title":true,"content":true,"excerpt":false},"es":{"title":true,"content":false,"excerpt":false}}},"_links":{"self":[{"href":"https:\/\/ipc-business.de\/fr\/wp-json\/wp\/v2\/pages\/405","targetHints":{"allow":["GET"]}}],"collection":[{"href":"https:\/\/ipc-business.de\/fr\/wp-json\/wp\/v2\/pages"}],"about":[{"href":"https:\/\/ipc-business.de\/fr\/wp-json\/wp\/v2\/types\/page"}],"author":[{"embeddable":true,"href":"https:\/\/ipc-business.de\/fr\/wp-json\/wp\/v2\/users\/1"}],"replies":[{"embeddable":true,"href":"https:\/\/ipc-business.de\/fr\/wp-json\/wp\/v2\/comments?post=405"}],"version-history":[{"count":4,"href":"https:\/\/ipc-business.de\/fr\/wp-json\/wp\/v2\/pages\/405\/revisions"}],"predecessor-version":[{"id":573,"href":"https:\/\/ipc-business.de\/fr\/wp-json\/wp\/v2\/pages\/405\/revisions\/573"}],"wp:attachment":[{"href":"https:\/\/ipc-business.de\/fr\/wp-json\/wp\/v2\/media?parent=405"}],"curies":[{"name":"wp","href":"https:\/\/api.w.org\/{rel}","templated":true}]}}