{"id":150,"date":"2020-05-26T15:47:34","date_gmt":"2020-05-26T13:47:34","guid":{"rendered":"https:\/\/www.ipcbusiness.de\/?page_id=150"},"modified":"2020-07-07T16:08:57","modified_gmt":"2020-07-07T14:08:57","slug":"innovative-ladeeinheiten","status":"publish","type":"page","link":"https:\/\/ipc-business.de\/it\/unsere-produkte-und-services\/innovative-ladeeinheiten\/","title":{"rendered":"Unit\u00e0 di carico innovative"},"content":{"rendered":"<div class=\"vc_row wpb_row vc_row-fluid\"><div class=\"wpb_column vc_column_container vc_col-sm-12\"><div class=\"vc_column-inner\"><div class=\"wpb_wrapper\">\n\t<div class=\"wpb_text_column wpb_content_element \" >\n\t\t<div class=\"wpb_wrapper\">\n\t\t\t<p>Tutte le nostre unit\u00e0 di carico sono progettate per la larghezza del pallet, il che significa per te le migliori opzioni di stoccaggio. Con i nostri piani mobili, disponibili anche come cassa mobile da 45 &#8216;, possiamo anche scaricare in luoghi in cui non sono disponibili attrezzature tecniche.<\/p>\n\n\t\t<\/div>\n\t<\/div>\n<\/div><\/div><\/div><\/div>\n","protected":false},"excerpt":{"rendered":"{:de} Alle unsere Ladeeinheiten sind auf Palettenweite ausgelegt, was f\u00fcr Sie gr\u00f6\u00dftm\u00f6gliche Staum\u00f6glichkeiten bedeutet. Mit unseren Schubb\u00f6den, auch als 45\u2018 Wechselbr\u00fccke vorhanden, k\u00f6nnen wir auch an Orten entladen an denen kein technisches Equipment vorhanden ist. {:}{:en} All of our loading units are designed for pallet width, which means the greatest possible storage options for you. [...]","protected":false},"author":1,"featured_media":0,"parent":405,"menu_order":0,"comment_status":"closed","ping_status":"closed","template":"","meta":{"footnotes":""},"class_list":["post-150","page","type-page","status-publish","hentry"],"translation":{"provider":"WPGlobus","version":"3.0.2","language":"it","enabled_languages":["de","en","fr","ru","uk","it","pl","es"],"languages":{"de":{"title":true,"content":true,"excerpt":false},"en":{"title":true,"content":true,"excerpt":false},"fr":{"title":true,"content":true,"excerpt":false},"ru":{"title":true,"content":true,"excerpt":false},"uk":{"title":true,"content":true,"excerpt":false},"it":{"title":true,"content":true,"excerpt":false},"pl":{"title":true,"content":true,"excerpt":false},"es":{"title":true,"content":false,"excerpt":false}}},"_links":{"self":[{"href":"https:\/\/ipc-business.de\/it\/wp-json\/wp\/v2\/pages\/150","targetHints":{"allow":["GET"]}}],"collection":[{"href":"https:\/\/ipc-business.de\/it\/wp-json\/wp\/v2\/pages"}],"about":[{"href":"https:\/\/ipc-business.de\/it\/wp-json\/wp\/v2\/types\/page"}],"author":[{"embeddable":true,"href":"https:\/\/ipc-business.de\/it\/wp-json\/wp\/v2\/users\/1"}],"replies":[{"embeddable":true,"href":"https:\/\/ipc-business.de\/it\/wp-json\/wp\/v2\/comments?post=150"}],"version-history":[{"count":11,"href":"https:\/\/ipc-business.de\/it\/wp-json\/wp\/v2\/pages\/150\/revisions"}],"predecessor-version":[{"id":575,"href":"https:\/\/ipc-business.de\/it\/wp-json\/wp\/v2\/pages\/150\/revisions\/575"}],"up":[{"embeddable":true,"href":"https:\/\/ipc-business.de\/it\/wp-json\/wp\/v2\/pages\/405"}],"wp:attachment":[{"href":"https:\/\/ipc-business.de\/it\/wp-json\/wp\/v2\/media?parent=150"}],"curies":[{"name":"wp","href":"https:\/\/api.w.org\/{rel}","templated":true}]}}