{"id":176,"date":"2020-05-26T16:22:17","date_gmt":"2020-05-26T14:22:17","guid":{"rendered":"https:\/\/www.ipcbusiness.de\/?page_id=176"},"modified":"2026-01-28T14:53:40","modified_gmt":"2026-01-28T13:53:40","slug":"ipc-business-gmbh-firmeninformation","status":"publish","type":"page","link":"https:\/\/ipc-business.de\/it\/ueber-uns\/ipc-business-gmbh-firmeninformation\/","title":{"rendered":"Informazioni sull&#8217;azienda"},"content":{"rendered":"<div class=\"vc_row wpb_row vc_row-fluid\"><div class=\"wpb_column vc_column_container vc_col-sm-12\"><div class=\"vc_column-inner\"><div class=\"wpb_wrapper\">\n\t<div class=\"wpb_text_column wpb_content_element \" >\n\t\t<div class=\"wpb_wrapper\">\n\t\t\t<p>Originario di una societ\u00e0 di ingegneria e progettazione, siamo presenti sul mercato dal 2017. Da allora abbiamo creato valore aggiunto per i nostri clienti. I vettori di carico innovativi abbinati a idee innovative ci rendono un fornitore di servizi ricercato nel settore del trasporto combinato.<\/p>\n\n\t\t<\/div>\n\t<\/div>\n<\/div><\/div><\/div><\/div>\n","protected":false},"excerpt":{"rendered":"{:de} IPC Business GmbH \u2013 Firmeninformation Mit der IPC Business GmbH \u2013 Firmeninformation, m\u00f6chten wir ihnen einen kleinen \u00fcberblick \u00fcber unser Unternehmen mit seinen spezialisierungen und Services verschaffen. Hervorgegangen aus einer Ingenieurs- und Planungsgesellschaft sind wir, die IPC Business GmbH seit 2017 auf dem Markt pr\u00e4sent. Seit dieser Zeit schaffen wir Mehrwerte f\u00fcr unsere Kunden. [...]","protected":false},"author":1,"featured_media":0,"parent":407,"menu_order":0,"comment_status":"closed","ping_status":"closed","template":"","meta":{"footnotes":""},"class_list":["post-176","page","type-page","status-publish","hentry"],"translation":{"provider":"WPGlobus","version":"3.0.2","language":"it","enabled_languages":["de","en","fr","ru","uk","it","pl","es"],"languages":{"de":{"title":true,"content":true,"excerpt":false},"en":{"title":true,"content":true,"excerpt":false},"fr":{"title":true,"content":true,"excerpt":false},"ru":{"title":true,"content":true,"excerpt":false},"uk":{"title":true,"content":true,"excerpt":false},"it":{"title":true,"content":true,"excerpt":false},"pl":{"title":true,"content":true,"excerpt":false},"es":{"title":true,"content":false,"excerpt":false}}},"_links":{"self":[{"href":"https:\/\/ipc-business.de\/it\/wp-json\/wp\/v2\/pages\/176","targetHints":{"allow":["GET"]}}],"collection":[{"href":"https:\/\/ipc-business.de\/it\/wp-json\/wp\/v2\/pages"}],"about":[{"href":"https:\/\/ipc-business.de\/it\/wp-json\/wp\/v2\/types\/page"}],"author":[{"embeddable":true,"href":"https:\/\/ipc-business.de\/it\/wp-json\/wp\/v2\/users\/1"}],"replies":[{"embeddable":true,"href":"https:\/\/ipc-business.de\/it\/wp-json\/wp\/v2\/comments?post=176"}],"version-history":[{"count":6,"href":"https:\/\/ipc-business.de\/it\/wp-json\/wp\/v2\/pages\/176\/revisions"}],"predecessor-version":[{"id":1362,"href":"https:\/\/ipc-business.de\/it\/wp-json\/wp\/v2\/pages\/176\/revisions\/1362"}],"up":[{"embeddable":true,"href":"https:\/\/ipc-business.de\/it\/wp-json\/wp\/v2\/pages\/407"}],"wp:attachment":[{"href":"https:\/\/ipc-business.de\/it\/wp-json\/wp\/v2\/media?parent=176"}],"curies":[{"name":"wp","href":"https:\/\/api.w.org\/{rel}","templated":true}]}}