{"id":410,"date":"2020-04-22T17:21:24","date_gmt":"2020-04-22T15:21:24","guid":{"rendered":"https:\/\/www.ipcbusiness.de\/?page_id=28"},"modified":"2024-12-06T06:40:18","modified_gmt":"2024-12-06T05:40:18","slug":"anfrage","status":"publish","type":"page","link":"https:\/\/ipc-business.de\/it\/anfrage\/","title":{"rendered":"Inchiesta"},"content":{"rendered":"<div class=\"vc_row wpb_row vc_row-fluid\"><div class=\"wpb_column vc_column_container vc_col-sm-8\"><div class=\"vc_column-inner\"><div class=\"wpb_wrapper\">\n\t<div class=\"wpb_text_column wpb_content_element \" >\n\t\t<div class=\"wpb_wrapper\">\n\t\t\t<h2>Senden sie uns eine Anfrage<\/h2>\n<p>Wenn Sie Fragen zu unserem Unternehmen oder unseren Services haben, so z\u00f6gern Sie bitte nicht uns zu kontaktieren. Vorab schon einmal vielen Dank f\u00fcr Ihre Anfrage.<\/p>\n<p>Pflichtfelder mit <span style=\"color: #ff0000;\">*<\/span> bitte Ausf\u00fcllen.<\/p>\n\n\t\t<\/div>\n\t<\/div>\n\n<div class=\"wpcf7 no-js\" id=\"wpcf7-f5-o1\" lang=\"de-DE\" dir=\"ltr\" data-wpcf7-id=\"5\">\n<div class=\"screen-reader-response\"><p role=\"status\" aria-live=\"polite\" aria-atomic=\"true\"><\/p> <ul><\/ul><\/div>\n<form action=\"\/it\/wp-json\/wp\/v2\/pages\/410#wpcf7-f5-o1\" method=\"post\" class=\"wpcf7-form init\" aria-label=\"Contact form\" novalidate=\"novalidate\" data-status=\"init\">\n<fieldset class=\"hidden-fields-container\"><input type=\"hidden\" name=\"_wpcf7\" value=\"5\" \/><input type=\"hidden\" name=\"_wpcf7_version\" value=\"6.1.5\" \/><input type=\"hidden\" name=\"_wpcf7_locale\" value=\"de_DE\" \/><input type=\"hidden\" name=\"_wpcf7_unit_tag\" value=\"wpcf7-f5-o1\" \/><input type=\"hidden\" name=\"_wpcf7_container_post\" value=\"0\" \/><input type=\"hidden\" name=\"_wpcf7_posted_data_hash\" value=\"\" \/>\n<\/fieldset>\n<div class=\"wpb_column vc_column_container vc_col-sm-6\">\n\t<div class=\"vc_column-inner\">\n\t\t<div class=\"wpb_wrapper\">\n\t\t\t<p><label>Anrede<span style=\"color: #ff0000;\">*<\/span><span class=\"wpcf7-form-control-wrap\" data-name=\"Anrede\"><select class=\"wpcf7-form-control wpcf7-select wpcf7-validates-as-required\" aria-required=\"true\" aria-invalid=\"false\" name=\"Anrede\"><option value=\"\">&#8212;Please choose an option&#8212;<\/option><option value=\"Herr\">Herr<\/option><option value=\"Frau\">Frau<\/option><\/select><\/span><\/label><br \/>\n<label>Name<span style=\"color: #ff0000;\">*<\/span><span class=\"wpcf7-form-control-wrap\" data-name=\"Name\"><input size=\"40\" maxlength=\"400\" class=\"wpcf7-form-control wpcf7-text wpcf7-validates-as-required\" aria-required=\"true\" aria-invalid=\"false\" value=\"\" type=\"text\" name=\"Name\" \/><\/span><\/label><br \/>\n<label>Vorname<span class=\"wpcf7-form-control-wrap\" data-name=\"Vorname\"><input size=\"40\" maxlength=\"400\" class=\"wpcf7-form-control wpcf7-text\" aria-invalid=\"false\" value=\"\" type=\"text\" name=\"Vorname\" \/><\/span><\/label><br \/>\n<label>E-Mail-Adresse<span style=\"color: #ff0000;\">*<\/span><span class=\"wpcf7-form-control-wrap\" data-name=\"your-email\"><input size=\"40\" maxlength=\"400\" class=\"wpcf7-form-control wpcf7-email wpcf7-validates-as-required wpcf7-text wpcf7-validates-as-email\" aria-required=\"true\" aria-invalid=\"false\" value=\"\" type=\"email\" name=\"your-email\" \/><\/span><\/label><br \/>\n<label>Strasse <span style=\"color: #ff0000;\">*<\/span><span class=\"wpcf7-form-control-wrap\" data-name=\"Strasse\"><input size=\"40\" maxlength=\"400\" class=\"wpcf7-form-control wpcf7-text wpcf7-validates-as-required\" aria-required=\"true\" aria-invalid=\"false\" value=\"\" type=\"text\" name=\"Strasse\" \/><\/span><\/label><br \/>\n<label>Postleitzahl <span style=\"color: #ff0000;\">*<\/span><span class=\"wpcf7-form-control-wrap\" data-name=\"Postleitzahl\"><input size=\"40\" maxlength=\"400\" class=\"wpcf7-form-control wpcf7-text wpcf7-validates-as-required\" aria-required=\"true\" aria-invalid=\"false\" value=\"\" type=\"text\" name=\"Postleitzahl\" \/><\/span><\/label><br \/>\n<label>Wohnort<span style=\"color: #ff0000;\">*<\/span><span class=\"wpcf7-form-control-wrap\" data-name=\"Ort\"><input size=\"40\" maxlength=\"400\" class=\"wpcf7-form-control wpcf7-text wpcf7-validates-as-required\" aria-required=\"true\" aria-invalid=\"false\" value=\"\" type=\"text\" name=\"Ort\" \/><\/span><\/label>\n\t\t\t<\/p>\n\t\t<\/div>\n\t<\/div>\n<\/div>\n<div class=\"wpb_column vc_column_container vc_col-sm-6\">\n\t<div class=\"vc_column-inner\">\n\t\t<div class=\"wpb_wrapper\">\n\t\t\t<p><label>Betreff<span style=\"color: #ff0000;\">*<\/span><span class=\"wpcf7-form-control-wrap\" data-name=\"Betreff\"><select class=\"wpcf7-form-control wpcf7-select wpcf7-validates-as-required\" aria-required=\"true\" aria-invalid=\"false\" name=\"Betreff\"><option value=\"\">&#8212;Please choose an option&#8212;<\/option><option value=\"Termin vereinbaren\">Termin vereinbaren<\/option><option value=\"R\u00fcckruf\">R\u00fcckruf<\/option><option value=\"sonstiges\">sonstiges<\/option><\/select><\/span><\/label><br \/>\n<label>R\u00fcckrufnummer<span style=\"color: #ff0000;\">*<\/span><span class=\"wpcf7-form-control-wrap\" data-name=\"Rckrufnummer\"><input size=\"40\" maxlength=\"400\" class=\"wpcf7-form-control wpcf7-tel wpcf7-validates-as-required wpcf7-text wpcf7-validates-as-tel\" aria-required=\"true\" aria-invalid=\"false\" value=\"\" type=\"tel\" name=\"Rckrufnummer\" \/><\/span><\/label><br \/>\n<label>Ich bin erreichbar<span class=\"wpcf7-form-control-wrap\" data-name=\"Ichbinerreichbar\"><input class=\"wpcf7-form-control wpcf7-date wpcf7-validates-as-date\" aria-invalid=\"false\" value=\"\" type=\"date\" name=\"Ichbinerreichbar\" \/><\/span><\/label><br \/>\n<label>Uhrzeit<span class=\"wpcf7-form-control-wrap\" data-name=\"Uhrzeit\"><input size=\"40\" maxlength=\"400\" class=\"wpcf7-form-control wpcf7-text\" aria-invalid=\"false\" value=\"\" type=\"text\" name=\"Uhrzeit\" \/><\/span><\/label><br \/>\n<label>Platz f\u00fcr Bemerkungen<span class=\"wpcf7-form-control-wrap\" data-name=\"bemerkungen\"><textarea cols=\"40\" rows=\"10\" maxlength=\"2000\" class=\"wpcf7-form-control wpcf7-textarea\" aria-invalid=\"false\" name=\"bemerkungen\"><\/textarea><\/span><\/label>\n\t\t\t<\/p>\n\t\t<\/div>\n\t<\/div>\n<\/div>\n<div class=\"wpb_column vc_column_container vc_col-sm-12\">\n\t<div class=\"vc_column-inner\">\n\t\t<div class=\"wpb_wrapper\">\n\t\t\t<p><label><span class=\"wpcf7-form-control-wrap\" data-name=\"DSVGOakzeptiert\"><span class=\"wpcf7-form-control wpcf7-acceptance\"><span class=\"wpcf7-list-item\"><label><input type=\"checkbox\" name=\"DSVGOakzeptiert\" value=\"1\" aria-invalid=\"false\" \/><span class=\"wpcf7-list-item-label\"><span style=\"color: #ff0000;\">*<\/span> Hiermit erkl\u00e4re ich mich einverstanden, dass meine in das Kontaktformular eingegebenen Daten elektronisch gespeichert und zum Zweck der Kontaktaufnahme verarbeitet und genutzt werden. Mir ist bekannt, dass ich meine Einwilligung jederzeit widerrufen kann.<\/span><\/label><\/span><\/span><\/span><\/label><br \/>\n<label><input class=\"wpcf7-form-control wpcf7-submit has-spinner\" type=\"submit\" value=\"Anfrage jetzt senden!\" \/><\/label>\n\t\t\t<\/p>\n\t\t<\/div>\n\t<\/div>\n<\/div><div class=\"wpcf7-response-output\" aria-hidden=\"true\"><\/div>\n<\/form>\n<\/div>\n<\/div><\/div><\/div><div class=\"wpb_column vc_column_container vc_col-sm-4\"><div class=\"vc_column-inner\"><div class=\"wpb_wrapper\">\n\t<div class=\"wpb_text_column wpb_content_element \" >\n\t\t<div class=\"wpb_wrapper\">\n\t\t\t<h3>Hauptsitz<\/h3>\n<p><strong>IPC Business GmbH<\/strong><br \/>\nBitterfelder Strasse 1<br \/>\n04129 Leipzig<br \/>\nGermany<\/p>\n<p><i class=\"Defaults-phone-square\"><\/i> <strong>Telefon:<\/strong> <a href=\"tel:04934124250239\">+49 341 24250-239<\/a><br \/>\n<i class=\"Defaults-fax\"><\/i> <strong>Telefax:<\/strong> <a href=\"tel:04934124250236\">+49 341 24250-236<\/a><br \/>\n<i class=\"Defaults-envelope\"><\/i> <strong>E-Mail:<\/strong> <a href=\"mailto:info@ipc-business.de\">info@ipc-business.de<\/a><\/p>\n<h3>\u00d6ffnungszeiten<\/h3>\n<p><i class=\"Defaults-clock-o\"><\/i> <strong>Montag &#8211; Freitag:<\/strong><br \/>\n6:30 Uhr bis 18:00 Uhr<\/p>\n<p><i class=\"Defaults-clock-o\"><\/i> <strong>Samstag:<\/strong><br \/>\n6:30 Uhr bis 14:00 Uhr<\/p>\n<p><i class=\"Defaults-clock-o\"><\/i> <strong>Sonntag:<\/strong><br \/>\ngeschlossen<\/p>\n\n\t\t<\/div>\n\t<\/div>\n<\/div><\/div><\/div><\/div>\n","protected":false},"excerpt":{"rendered":"{:de} Senden sie uns eine Anfrage Wenn Sie Fragen zu unserem Unternehmen oder unseren Services haben, so z\u00f6gern Sie bitte nicht uns zu kontaktieren. Vorab schon einmal vielen Dank f\u00fcr Ihre Anfrage. Pflichtfelder mit * bitte Ausf\u00fcllen. Anrede*&#8212;Please choose an option&#8212;HerrFrau Name* Vorname E-Mail-Adresse* Strasse * Postleitzahl * Wohnort* Betreff*&#8212;Please choose an option&#8212;Termin vereinbarenR\u00fcckrufsonstiges R\u00fcckrufnummer* [...]","protected":false},"author":1,"featured_media":0,"parent":0,"menu_order":0,"comment_status":"closed","ping_status":"closed","template":"","meta":{"footnotes":""},"class_list":["post-410","page","type-page","status-publish","hentry"],"translation":{"provider":"WPGlobus","version":"3.0.2","language":"it","enabled_languages":["de","en","fr","ru","uk","it","pl","es"],"languages":{"de":{"title":true,"content":true,"excerpt":false},"en":{"title":true,"content":false,"excerpt":false},"fr":{"title":true,"content":false,"excerpt":false},"ru":{"title":true,"content":false,"excerpt":false},"uk":{"title":true,"content":false,"excerpt":false},"it":{"title":true,"content":false,"excerpt":false},"pl":{"title":true,"content":true,"excerpt":false},"es":{"title":true,"content":false,"excerpt":false}}},"_links":{"self":[{"href":"https:\/\/ipc-business.de\/it\/wp-json\/wp\/v2\/pages\/410","targetHints":{"allow":["GET"]}}],"collection":[{"href":"https:\/\/ipc-business.de\/it\/wp-json\/wp\/v2\/pages"}],"about":[{"href":"https:\/\/ipc-business.de\/it\/wp-json\/wp\/v2\/types\/page"}],"author":[{"embeddable":true,"href":"https:\/\/ipc-business.de\/it\/wp-json\/wp\/v2\/users\/1"}],"replies":[{"embeddable":true,"href":"https:\/\/ipc-business.de\/it\/wp-json\/wp\/v2\/comments?post=410"}],"version-history":[{"count":56,"href":"https:\/\/ipc-business.de\/it\/wp-json\/wp\/v2\/pages\/410\/revisions"}],"predecessor-version":[{"id":1305,"href":"https:\/\/ipc-business.de\/it\/wp-json\/wp\/v2\/pages\/410\/revisions\/1305"}],"wp:attachment":[{"href":"https:\/\/ipc-business.de\/it\/wp-json\/wp\/v2\/media?parent=410"}],"curies":[{"name":"wp","href":"https:\/\/api.w.org\/{rel}","templated":true}]}}