{"id":178,"date":"2020-05-26T16:22:44","date_gmt":"2020-05-26T14:22:44","guid":{"rendered":"https:\/\/www.ipcbusiness.de\/?page_id=178"},"modified":"2020-09-03T13:51:41","modified_gmt":"2020-09-03T11:51:41","slug":"umweltverantwortung","status":"publish","type":"page","link":"https:\/\/ipc-business.de\/pl\/ueber-uns\/umweltverantwortung\/","title":{"rendered":"Odpowiedzialno\u015b\u0107 za \u015brodowisko naturalne"},"content":{"rendered":"<div class=\"vc_row wpb_row vc_row-fluid\"><div class=\"wpb_column vc_column_container vc_col-sm-12\"><div class=\"vc_column-inner\"><div class=\"wpb_wrapper\">\n\t<div class=\"wpb_text_column wpb_content_element \" >\n\t\t<div class=\"wpb_wrapper\">\n\t\t\t<p>Aspekt odci\u0105\u017cania \u015brodowiska jest dla nas wa\u017cny. Chcemy przyczyni\u0107 si\u0119 do realizacji w praktyce obietnic dotycz\u0105cych ograniczenia zanieczyszcze\u0144. To jest nasza zach\u0119ta i nasz obowi\u0105zek.<\/p>\n\n\t\t<\/div>\n\t<\/div>\n<\/div><\/div><\/div><\/div>\n","protected":false},"excerpt":{"rendered":"{:de} Der Aspekt die Umwelt zu entlasten ist uns wichtig. Wir wollen einen Beitrag leisten die allseits gemachten Versprechungen der Schadstoffreduzierung in die Tat umzusetzen. Das ist unser Ansporn und unsere Verpflichtung. {:}{:en} The aspect of relieving the environment is important to us. We want to make a contribution to putting the promises of reducing [...]","protected":false},"author":1,"featured_media":0,"parent":407,"menu_order":0,"comment_status":"closed","ping_status":"closed","template":"","meta":{"footnotes":""},"class_list":["post-178","page","type-page","status-publish","hentry"],"translation":{"provider":"WPGlobus","version":"3.0.2","language":"pl","enabled_languages":["de","en","fr","ru","uk","it","pl","es"],"languages":{"de":{"title":true,"content":true,"excerpt":false},"en":{"title":true,"content":true,"excerpt":false},"fr":{"title":true,"content":true,"excerpt":false},"ru":{"title":true,"content":true,"excerpt":false},"uk":{"title":true,"content":true,"excerpt":false},"it":{"title":true,"content":true,"excerpt":false},"pl":{"title":true,"content":true,"excerpt":false},"es":{"title":true,"content":false,"excerpt":false}}},"_links":{"self":[{"href":"https:\/\/ipc-business.de\/pl\/wp-json\/wp\/v2\/pages\/178","targetHints":{"allow":["GET"]}}],"collection":[{"href":"https:\/\/ipc-business.de\/pl\/wp-json\/wp\/v2\/pages"}],"about":[{"href":"https:\/\/ipc-business.de\/pl\/wp-json\/wp\/v2\/types\/page"}],"author":[{"embeddable":true,"href":"https:\/\/ipc-business.de\/pl\/wp-json\/wp\/v2\/users\/1"}],"replies":[{"embeddable":true,"href":"https:\/\/ipc-business.de\/pl\/wp-json\/wp\/v2\/comments?post=178"}],"version-history":[{"count":15,"href":"https:\/\/ipc-business.de\/pl\/wp-json\/wp\/v2\/pages\/178\/revisions"}],"predecessor-version":[{"id":622,"href":"https:\/\/ipc-business.de\/pl\/wp-json\/wp\/v2\/pages\/178\/revisions\/622"}],"up":[{"embeddable":true,"href":"https:\/\/ipc-business.de\/pl\/wp-json\/wp\/v2\/pages\/407"}],"wp:attachment":[{"href":"https:\/\/ipc-business.de\/pl\/wp-json\/wp\/v2\/media?parent=178"}],"curies":[{"name":"wp","href":"https:\/\/api.w.org\/{rel}","templated":true}]}}