{"id":182,"date":"2020-05-26T16:23:17","date_gmt":"2020-05-26T14:23:17","guid":{"rendered":"https:\/\/www.ipcbusiness.de\/?page_id=182"},"modified":"2024-12-06T06:40:54","modified_gmt":"2024-12-06T05:40:54","slug":"auftraggeber","status":"publish","type":"page","link":"https:\/\/ipc-business.de\/pl\/auftraggeber\/","title":{"rendered":"Klienci"},"content":{"rendered":"<div class=\"vc_row wpb_row vc_row-fluid\"><div class=\"wpb_column vc_column_container vc_col-sm-12\"><div class=\"vc_column-inner\"><div class=\"wpb_wrapper\">\n\t<div class=\"wpb_text_column wpb_content_element \" >\n\t\t<div class=\"wpb_wrapper\">\n\t\t\t<p>Wychodz\u0105c od projektu transportu towarowego na Ukrainie w celu po\u0142\u0105czenia Ukrainy z reszt\u0105 Europy, zw\u0142aszcza za po\u015brednictwem sieci kolejowej, opracowali\u015bmy strategie i rozwi\u0105zania. Przemys\u0142 prywatny na Ukrainie generuje du\u017ce zapotrzebowanie na us\u0142ugi transportowe.<\/p>\n\n\t\t<\/div>\n\t<\/div>\n<\/div><\/div><\/div><\/div>\n","protected":false},"excerpt":{"rendered":"{:de} Ausgehend von einem G\u00fcterverkehrsprojekt in der Ukraine, die Ukraine mit dem Rest von Europa, insbesondere \u00fcber die Schiene, zu verbinden, entwickelten wir die passenden Strategien und L\u00f6sungen daf\u00fcr. Die private Industrie in der Ukraine hat einen gro\u00dfen Bedarf an Transportleistungen. {:}{:en} Starting from a freight transport project in Ukraine, connecting Ukraine with the rest [...]","protected":false},"author":1,"featured_media":0,"parent":0,"menu_order":0,"comment_status":"closed","ping_status":"closed","template":"","meta":{"footnotes":""},"class_list":["post-182","page","type-page","status-publish","hentry"],"translation":{"provider":"WPGlobus","version":"3.0.2","language":"pl","enabled_languages":["de","en","fr","ru","uk","it","pl","es"],"languages":{"de":{"title":true,"content":true,"excerpt":false},"en":{"title":true,"content":true,"excerpt":false},"fr":{"title":true,"content":true,"excerpt":false},"ru":{"title":true,"content":true,"excerpt":false},"uk":{"title":true,"content":true,"excerpt":false},"it":{"title":true,"content":true,"excerpt":false},"pl":{"title":true,"content":true,"excerpt":false},"es":{"title":true,"content":false,"excerpt":false}}},"_links":{"self":[{"href":"https:\/\/ipc-business.de\/pl\/wp-json\/wp\/v2\/pages\/182","targetHints":{"allow":["GET"]}}],"collection":[{"href":"https:\/\/ipc-business.de\/pl\/wp-json\/wp\/v2\/pages"}],"about":[{"href":"https:\/\/ipc-business.de\/pl\/wp-json\/wp\/v2\/types\/page"}],"author":[{"embeddable":true,"href":"https:\/\/ipc-business.de\/pl\/wp-json\/wp\/v2\/users\/1"}],"replies":[{"embeddable":true,"href":"https:\/\/ipc-business.de\/pl\/wp-json\/wp\/v2\/comments?post=182"}],"version-history":[{"count":21,"href":"https:\/\/ipc-business.de\/pl\/wp-json\/wp\/v2\/pages\/182\/revisions"}],"predecessor-version":[{"id":1306,"href":"https:\/\/ipc-business.de\/pl\/wp-json\/wp\/v2\/pages\/182\/revisions\/1306"}],"wp:attachment":[{"href":"https:\/\/ipc-business.de\/pl\/wp-json\/wp\/v2\/media?parent=182"}],"curies":[{"name":"wp","href":"https:\/\/api.w.org\/{rel}","templated":true}]}}