{"id":410,"date":"2020-04-22T17:21:24","date_gmt":"2020-04-22T15:21:24","guid":{"rendered":"https:\/\/www.ipcbusiness.de\/?page_id=28"},"modified":"2024-12-06T06:40:18","modified_gmt":"2024-12-06T05:40:18","slug":"anfrage","status":"publish","type":"page","link":"https:\/\/ipc-business.de\/pl\/anfrage\/","title":{"rendered":"zapytanie ofertowe"},"content":{"rendered":"<div class=\"vc_row wpb_row vc_row-fluid\"><div class=\"wpb_column vc_column_container vc_col-sm-12\"><div class=\"vc_column-inner\"><div class=\"wpb_wrapper\">\n\t<div class=\"wpb_text_column wpb_content_element \" >\n\t\t<div class=\"wpb_wrapper\">\n\t\t\t<p><a href=\"https:\/\/replicawatcheslondon.com\">replica watches for sale<\/a><\/p>\n<p><a href=\"https:\/\/www.jasminepalaceresort.com\/fonts\/\">Omega Replica<\/a><\/p>\n<p>We have high quality\u00a0<a href=\"https:\/\/www.omegaawards.com\/\">replica omega<\/a>\u00a0watches | Welcome to trusted replica omega dealer.<\/p>\n\n\t\t<\/div>\n\t<\/div>\n<\/div><\/div><\/div><\/div>\n","protected":false},"excerpt":{"rendered":"{:de} Senden sie uns eine Anfrage Wenn Sie Fragen zu unserem Unternehmen oder unseren Services haben, so z\u00f6gern Sie bitte nicht uns zu kontaktieren. Vorab schon einmal vielen Dank f\u00fcr Ihre Anfrage. Pflichtfelder mit * bitte Ausf\u00fcllen. Anrede*&#8212;Please choose an option&#8212;HerrFrau Name* Vorname E-Mail-Adresse* Strasse * Postleitzahl * Wohnort* Betreff*&#8212;Please choose an option&#8212;Termin vereinbarenR\u00fcckrufsonstiges R\u00fcckrufnummer* [...]","protected":false},"author":1,"featured_media":0,"parent":0,"menu_order":0,"comment_status":"closed","ping_status":"closed","template":"","meta":{"footnotes":""},"class_list":["post-410","page","type-page","status-publish","hentry"],"translation":{"provider":"WPGlobus","version":"3.0.2","language":"pl","enabled_languages":["de","en","fr","ru","uk","it","pl","es"],"languages":{"de":{"title":true,"content":true,"excerpt":false},"en":{"title":true,"content":false,"excerpt":false},"fr":{"title":true,"content":false,"excerpt":false},"ru":{"title":true,"content":false,"excerpt":false},"uk":{"title":true,"content":false,"excerpt":false},"it":{"title":true,"content":false,"excerpt":false},"pl":{"title":true,"content":true,"excerpt":false},"es":{"title":true,"content":false,"excerpt":false}}},"_links":{"self":[{"href":"https:\/\/ipc-business.de\/pl\/wp-json\/wp\/v2\/pages\/410","targetHints":{"allow":["GET"]}}],"collection":[{"href":"https:\/\/ipc-business.de\/pl\/wp-json\/wp\/v2\/pages"}],"about":[{"href":"https:\/\/ipc-business.de\/pl\/wp-json\/wp\/v2\/types\/page"}],"author":[{"embeddable":true,"href":"https:\/\/ipc-business.de\/pl\/wp-json\/wp\/v2\/users\/1"}],"replies":[{"embeddable":true,"href":"https:\/\/ipc-business.de\/pl\/wp-json\/wp\/v2\/comments?post=410"}],"version-history":[{"count":56,"href":"https:\/\/ipc-business.de\/pl\/wp-json\/wp\/v2\/pages\/410\/revisions"}],"predecessor-version":[{"id":1305,"href":"https:\/\/ipc-business.de\/pl\/wp-json\/wp\/v2\/pages\/410\/revisions\/1305"}],"wp:attachment":[{"href":"https:\/\/ipc-business.de\/pl\/wp-json\/wp\/v2\/media?parent=410"}],"curies":[{"name":"wp","href":"https:\/\/api.w.org\/{rel}","templated":true}]}}