{"id":176,"date":"2020-05-26T16:22:17","date_gmt":"2020-05-26T14:22:17","guid":{"rendered":"https:\/\/www.ipcbusiness.de\/?page_id=176"},"modified":"2026-01-28T14:53:40","modified_gmt":"2026-01-28T13:53:40","slug":"ipc-business-gmbh-firmeninformation","status":"publish","type":"page","link":"https:\/\/ipc-business.de\/ru\/ueber-uns\/ipc-business-gmbh-firmeninformation\/","title":{"rendered":"\u0418\u043d\u0444\u043e\u0440\u043c\u0430\u0446\u0438\u044f \u043e \u043a\u043e\u043c\u043f\u0430\u043d\u0438\u0438"},"content":{"rendered":"<div class=\"vc_row wpb_row vc_row-fluid\"><div class=\"wpb_column vc_column_container vc_col-sm-12\"><div class=\"vc_column-inner\"><div class=\"wpb_wrapper\">\n\t<div class=\"wpb_text_column wpb_content_element \" >\n\t\t<div class=\"wpb_wrapper\">\n\t\t\t<p>\u041c\u044b \u043f\u0440\u043e\u0438\u0441\u0445\u043e\u0434\u0438\u043c \u043e\u0442 \u0438\u043d\u0436\u0435\u043d\u0435\u0440\u043d\u043e-\u043f\u043b\u0430\u043d\u0438\u0440\u043e\u0432\u043e\u0447\u043d\u043e\u0439 \u043a\u043e\u043c\u043f\u0430\u043d\u0438\u0438 \u0438 \u043f\u0440\u0435\u0434\u0441\u0442\u0430\u0432\u043b\u0435\u043d\u044b \u043d\u0430 \u0440\u044b\u043d\u043a\u0435 \u0441 2017 \u0433. \u0421 \u0442\u0435\u0445 \u043f\u043e\u0440 \u043c\u044b \u0441\u043e\u0437\u0434\u0430\u0435\u043c \u0434\u043e\u043f\u043e\u043b\u043d\u0438\u0442\u0435\u043b\u044c\u043d\u044b\u0435 \u0432\u043e\u0437\u043c\u043e\u0436\u043d\u043e\u0441\u0442\u0438 \u0434\u043b\u044f \u043d\u0430\u0448\u0438\u0445 \u043a\u043b\u0438\u0435\u043d\u0442\u043e\u0432. \u0418\u043d\u043d\u043e\u0432\u0430\u0446\u0438\u043e\u043d\u043d\u044b\u0435 \u0433\u0440\u0443\u0437\u043e\u043f\u0435\u0440\u0435\u0432\u043e\u0437\u043e\u0447\u043d\u044b\u0435 \u0441\u0438\u0441\u0442\u0435\u043c\u044b \u0441\u043e\u0432\u043c\u0435\u0441\u0442\u043d\u043e \u0441 \u0438\u043d\u043d\u043e\u0432\u0430\u0446\u0438\u043e\u043d\u043d\u044b\u043c\u0438 \u0438\u0434\u0435\u044f\u043c\u0438 \u0434\u0435\u043b\u0430\u044e\u0442 \u043d\u0430\u0441 \u0432\u043e\u0441\u0442\u0440\u0435\u0431\u043e\u0432\u0430\u043d\u043d\u044b\u043c\u0438 \u0432 \u043e\u0431\u043b\u0430\u0441\u0442\u0438 \u043a\u043e\u043c\u0431\u0438\u043d\u0438\u0440\u043e\u0432\u0430\u043d\u043d\u044b\u0445 \u043f\u0435\u0440\u0435\u0432\u043e\u0437\u043e\u043a.<\/p>\n\n\t\t<\/div>\n\t<\/div>\n<\/div><\/div><\/div><\/div>\n","protected":false},"excerpt":{"rendered":"{:de} IPC Business GmbH \u2013 Firmeninformation Mit der IPC Business GmbH \u2013 Firmeninformation, m\u00f6chten wir ihnen einen kleinen \u00fcberblick \u00fcber unser Unternehmen mit seinen spezialisierungen und Services verschaffen. Hervorgegangen aus einer Ingenieurs- und Planungsgesellschaft sind wir, die IPC Business GmbH seit 2017 auf dem Markt pr\u00e4sent. Seit dieser Zeit schaffen wir Mehrwerte f\u00fcr unsere Kunden. [...]","protected":false},"author":1,"featured_media":0,"parent":407,"menu_order":0,"comment_status":"closed","ping_status":"closed","template":"","meta":{"footnotes":""},"class_list":["post-176","page","type-page","status-publish","hentry"],"translation":{"provider":"WPGlobus","version":"3.0.2","language":"ru","enabled_languages":["de","en","fr","ru","uk","it","pl","es"],"languages":{"de":{"title":true,"content":true,"excerpt":false},"en":{"title":true,"content":true,"excerpt":false},"fr":{"title":true,"content":true,"excerpt":false},"ru":{"title":true,"content":true,"excerpt":false},"uk":{"title":true,"content":true,"excerpt":false},"it":{"title":true,"content":true,"excerpt":false},"pl":{"title":true,"content":true,"excerpt":false},"es":{"title":true,"content":false,"excerpt":false}}},"_links":{"self":[{"href":"https:\/\/ipc-business.de\/ru\/wp-json\/wp\/v2\/pages\/176","targetHints":{"allow":["GET"]}}],"collection":[{"href":"https:\/\/ipc-business.de\/ru\/wp-json\/wp\/v2\/pages"}],"about":[{"href":"https:\/\/ipc-business.de\/ru\/wp-json\/wp\/v2\/types\/page"}],"author":[{"embeddable":true,"href":"https:\/\/ipc-business.de\/ru\/wp-json\/wp\/v2\/users\/1"}],"replies":[{"embeddable":true,"href":"https:\/\/ipc-business.de\/ru\/wp-json\/wp\/v2\/comments?post=176"}],"version-history":[{"count":6,"href":"https:\/\/ipc-business.de\/ru\/wp-json\/wp\/v2\/pages\/176\/revisions"}],"predecessor-version":[{"id":1362,"href":"https:\/\/ipc-business.de\/ru\/wp-json\/wp\/v2\/pages\/176\/revisions\/1362"}],"up":[{"embeddable":true,"href":"https:\/\/ipc-business.de\/ru\/wp-json\/wp\/v2\/pages\/407"}],"wp:attachment":[{"href":"https:\/\/ipc-business.de\/ru\/wp-json\/wp\/v2\/media?parent=176"}],"curies":[{"name":"wp","href":"https:\/\/api.w.org\/{rel}","templated":true}]}}