{"id":412,"date":"2020-05-26T15:39:36","date_gmt":"2020-05-26T13:39:36","guid":{"rendered":"https:\/\/www.ipcbusiness.de\/?page_id=146"},"modified":"2021-02-04T17:37:46","modified_gmt":"2021-02-04T16:37:46","slug":"kombiverkehr-gruener-transport","status":"publish","type":"page","link":"https:\/\/ipc-business.de\/ru\/unsere-produkte-und-services\/kombiverkehr-gruener-transport\/","title":{"rendered":"\u041a\u043e\u043c\u0431\u0438 \u0442\u0440\u0430\u0444\u0438\u043a &#8211; \u0437\u0435\u043b\u0435\u043d\u044b\u0439 \u0442\u0440\u0430\u043d\u0441\u043f\u043e\u0440\u0442"},"content":{"rendered":"<div class=\"vc_row wpb_row vc_row-fluid\"><div class=\"wpb_column vc_column_container vc_col-sm-12\"><div class=\"vc_column-inner\"><div class=\"wpb_wrapper\">\n\t<div class=\"wpb_text_column wpb_content_element \" >\n\t\t<div class=\"wpb_wrapper\">\n\t\t\t<p>\u041d\u0430\u0448\u0430 \u0446\u0435\u043b\u044c \u2013 \u043f\u0435\u0440\u0435\u043d\u0435\u0441\u0442\u0438 \u043a\u0430\u043a \u043c\u043e\u0436\u043d\u043e \u0431\u043e\u043b\u044c\u0448\u0435 \u0433\u0440\u0443\u0437\u043e\u0432 \u0441 \u0430\u0432\u0442\u043e\u043c\u0430\u0433\u0438\u0441\u0442\u0440\u0430\u043b\u0435\u0439 \u043d\u0430 \u0436\u0435\u043b\u0435\u0437\u043d\u0443\u044e \u0434\u043e\u0440\u043e\u0433\u0443. \u0422\u0430\u043a\u0438\u043c \u043e\u0431\u0440\u0430\u0437\u043e\u043c \u043c\u044b \u0438\u043c\u043f\u043b\u0435\u043c\u0435\u043d\u0442\u0438\u0440\u0443\u0435\u043c \u043e\u0434\u043d\u043e \u0438\u0437 \u0433\u043b\u0430\u0432\u043d\u044b\u0445 \u043f\u043e\u043b\u0438\u0442\u0438\u0447\u0435\u0441\u043a\u0438\u0445 \u0442\u0440\u0435\u0431\u043e\u0432\u0430\u043d\u0438\u0439 \u0438 \u043e\u0431\u0435\u0441\u043f\u0435\u0447\u0438\u0432\u0430\u0435\u043c \u0443\u043c\u0435\u043d\u044c\u0448\u0435\u043d\u0438\u0435 \u0442\u0440\u0430\u043d\u0441\u043f\u043e\u0440\u0442\u0430 \u043d\u0430 \u0430\u0432\u0442\u043e\u043c\u0430\u0433\u0438\u0441\u0442\u0440\u0430\u043b\u044f\u0445. \u041f\u0440\u0438 \u0436\u0435\u043b\u0435\u0437\u043d\u043e\u0434\u043e\u0440\u043e\u0436\u043d\u044b\u0445 \u043f\u0435\u0440\u0435\u0432\u043e\u0437\u043a\u0430\u0445, \u043f\u043e \u0441\u0440\u0430\u0432\u043d\u0435\u043d\u0438\u044e \u0430\u0432\u0442\u043e\u043c\u043e\u0431\u0438\u043b\u044c\u043d\u044b\u043c\u0438, \u043d\u0430\u043f\u0440\u0438\u043c\u0435\u0440, \u0432\u044b\u0431\u0440\u043e\u0441 \u0443\u0433\u043b\u0435\u043a\u0438\u0441\u043b\u043e\u0433\u043e \u0433\u0430\u0437\u0430 \u0443\u043c\u0435\u043d\u044c\u0448\u0430\u0435\u0442\u0441\u044f \u0434\u043e 90%, \u0443\u0433\u043b\u0435\u0440\u043e\u0434\u0430 \u0434\u043e 95%, \u0434\u0438\u043e\u043a\u0441\u0438\u0434\u0430 \u0441\u0435\u0440\u044b \u0434\u043e 76%, \u0430\u0437\u043e\u0442\u0430 \u0431\u043e\u043b\u0435\u0435 \u0447\u0435\u043c \u043d\u0430 95%, \u0438 \u043c\u0435\u043b\u043a\u043e\u0434\u0438\u0441\u043f\u0435\u0440\u0441\u043d\u043e\u0439 \u043f\u044b\u043b\u0438 \u0434\u043e 90%. (\u0418\u0441\u0442\u043e\u0447\u043d\u0438\u043a: <a href=\"http:\/\/www.ecotransit.org\">www.ecotransit.org<\/a>)<\/p>\n\n\t\t<\/div>\n\t<\/div>\n<\/div><\/div><\/div><\/div>\n","protected":false},"excerpt":{"rendered":"{:de} Unser Ziel ist es m\u00f6glichst viele Waren von der Stra\u00dfe auf die Schiene zu verlagern. Damit setzen wir eine Hauptforderung der Politik um und sorgen f\u00fcr weniger Verkehr auf unseren vielbefahrenen und staubelasteten Autobahnen. Beim Transport auf der Schiene k\u00f6nnen gegen\u00fcber dem LKW-Verkehr zum Beispiel Kohlendioxid um bis zu 90%, Kohlenwasserstoff um bis zu [...]","protected":false},"author":1,"featured_media":0,"parent":405,"menu_order":0,"comment_status":"closed","ping_status":"closed","template":"","meta":{"footnotes":""},"class_list":["post-412","page","type-page","status-publish","hentry"],"translation":{"provider":"WPGlobus","version":"3.0.2","language":"ru","enabled_languages":["de","en","fr","ru","uk","it","pl","es"],"languages":{"de":{"title":true,"content":true,"excerpt":false},"en":{"title":true,"content":true,"excerpt":false},"fr":{"title":true,"content":true,"excerpt":false},"ru":{"title":true,"content":true,"excerpt":false},"uk":{"title":true,"content":true,"excerpt":false},"it":{"title":true,"content":true,"excerpt":false},"pl":{"title":true,"content":true,"excerpt":false},"es":{"title":true,"content":true,"excerpt":false}}},"_links":{"self":[{"href":"https:\/\/ipc-business.de\/ru\/wp-json\/wp\/v2\/pages\/412","targetHints":{"allow":["GET"]}}],"collection":[{"href":"https:\/\/ipc-business.de\/ru\/wp-json\/wp\/v2\/pages"}],"about":[{"href":"https:\/\/ipc-business.de\/ru\/wp-json\/wp\/v2\/types\/page"}],"author":[{"embeddable":true,"href":"https:\/\/ipc-business.de\/ru\/wp-json\/wp\/v2\/users\/1"}],"replies":[{"embeddable":true,"href":"https:\/\/ipc-business.de\/ru\/wp-json\/wp\/v2\/comments?post=412"}],"version-history":[{"count":9,"href":"https:\/\/ipc-business.de\/ru\/wp-json\/wp\/v2\/pages\/412\/revisions"}],"predecessor-version":[{"id":783,"href":"https:\/\/ipc-business.de\/ru\/wp-json\/wp\/v2\/pages\/412\/revisions\/783"}],"up":[{"embeddable":true,"href":"https:\/\/ipc-business.de\/ru\/wp-json\/wp\/v2\/pages\/405"}],"wp:attachment":[{"href":"https:\/\/ipc-business.de\/ru\/wp-json\/wp\/v2\/media?parent=412"}],"curies":[{"name":"wp","href":"https:\/\/api.w.org\/{rel}","templated":true}]}}