{"id":182,"date":"2020-05-26T16:23:17","date_gmt":"2020-05-26T14:23:17","guid":{"rendered":"https:\/\/www.ipcbusiness.de\/?page_id=182"},"modified":"2024-12-06T06:40:54","modified_gmt":"2024-12-06T05:40:54","slug":"auftraggeber","status":"publish","type":"page","link":"https:\/\/ipc-business.de\/uk\/auftraggeber\/","title":{"rendered":"\u041a\u043b\u0456\u0454\u043d\u0442\u0438"},"content":{"rendered":"<div class=\"vc_row wpb_row vc_row-fluid\"><div class=\"wpb_column vc_column_container vc_col-sm-12\"><div class=\"vc_column-inner\"><div class=\"wpb_wrapper\">\n\t<div class=\"wpb_text_column wpb_content_element \" >\n\t\t<div class=\"wpb_wrapper\">\n\t\t\t<p>New AAA cheap Swiss\u00a0<a href=\"https:\/\/www.thecomedypub.co.uk\/\">replica watches uk<\/a><\/p>\n<p>At\u00a0<a href=\"https:\/\/replicamade.io\/omega.html\">https:\/\/replicamade.io\/omega.html<\/a>\u00a0is AAA High Quality Luxury Replica omega Watches Online Sale.<\/p>\n<p>From hlwatches.co.uk,you can buy the cheap\u00a0<a href=\"https:\/\/www.hlwatches.co.uk\/\">fake watches<\/a><\/p>\n<p>\u0412\u0438\u0445\u043e\u0434\u044f\u0447\u0438 \u0437 \u043f\u0440\u043e\u0435\u043a\u0442\u0443 \u043f\u0440\u043e \u043f\u0435\u0440\u0435\u0432\u0435\u0437\u0435\u043d\u043d\u044f \u0432\u0430\u043d\u0442\u0430\u0436\u0456\u0432 \u0432 \u0423\u043a\u0440\u0430\u0457\u043d\u0456, \u043c\u0438 \u0440\u043e\u0437\u0440\u043e\u0431\u043b\u044f\u0454\u043c\u043e \u0441\u0442\u0440\u0430\u0442\u0435\u0433\u0456\u0457 \u0442\u0430 \u0440\u0456\u0448\u0435\u043d\u043d\u044f \u0434\u043b\u044f \u043f\u0440\u0438\u0454\u0434\u043d\u0430\u043d\u043d\u044f \u0423\u043a\u0440\u0430\u0457\u043d\u0438 \u0434\u043e \u0432\u0441\u0456\u0454\u0457 \u0404\u0432\u0440\u043e\u043f\u0438, \u043e\u0441\u043e\u0431\u043b\u0438\u0432\u043e \u0437\u0430\u043b\u0456\u0437\u043d\u0438\u0446\u0435\u044e. \u041f\u0440\u0438\u0432\u0430\u0442\u043d\u0430 \u0456\u043d\u0434\u0443\u0441\u0442\u0440\u0456\u044f \u0432 \u0423\u043a\u0440\u0430\u0457\u043d\u0456 \u043c\u0430\u0454 \u0432\u0435\u043b\u0438\u043a\u0443 \u043f\u043e\u0442\u0440\u0435\u0431\u0443 \u0432 \u043f\u043e\u0441\u043b\u0443\u0433\u0430\u0445 \u043f\u0435\u0440\u0435\u0432\u0435\u0437\u0435\u043d\u043d\u044f \u0432\u0430\u043d\u0442\u0430\u0436\u0456\u0432.<\/p>\n\n\t\t<\/div>\n\t<\/div>\n<\/div><\/div><\/div><\/div>\n","protected":false},"excerpt":{"rendered":"{:de} Ausgehend von einem G\u00fcterverkehrsprojekt in der Ukraine, die Ukraine mit dem Rest von Europa, insbesondere \u00fcber die Schiene, zu verbinden, entwickelten wir die passenden Strategien und L\u00f6sungen daf\u00fcr. Die private Industrie in der Ukraine hat einen gro\u00dfen Bedarf an Transportleistungen. {:}{:en} Starting from a freight transport project in Ukraine, connecting Ukraine with the rest [...]","protected":false},"author":1,"featured_media":0,"parent":0,"menu_order":0,"comment_status":"closed","ping_status":"closed","template":"","meta":{"footnotes":""},"class_list":["post-182","page","type-page","status-publish","hentry"],"translation":{"provider":"WPGlobus","version":"3.0.2","language":"uk","enabled_languages":["de","en","fr","ru","uk","it","pl","es"],"languages":{"de":{"title":true,"content":true,"excerpt":false},"en":{"title":true,"content":true,"excerpt":false},"fr":{"title":true,"content":true,"excerpt":false},"ru":{"title":true,"content":true,"excerpt":false},"uk":{"title":true,"content":true,"excerpt":false},"it":{"title":true,"content":true,"excerpt":false},"pl":{"title":true,"content":true,"excerpt":false},"es":{"title":true,"content":false,"excerpt":false}}},"_links":{"self":[{"href":"https:\/\/ipc-business.de\/uk\/wp-json\/wp\/v2\/pages\/182","targetHints":{"allow":["GET"]}}],"collection":[{"href":"https:\/\/ipc-business.de\/uk\/wp-json\/wp\/v2\/pages"}],"about":[{"href":"https:\/\/ipc-business.de\/uk\/wp-json\/wp\/v2\/types\/page"}],"author":[{"embeddable":true,"href":"https:\/\/ipc-business.de\/uk\/wp-json\/wp\/v2\/users\/1"}],"replies":[{"embeddable":true,"href":"https:\/\/ipc-business.de\/uk\/wp-json\/wp\/v2\/comments?post=182"}],"version-history":[{"count":21,"href":"https:\/\/ipc-business.de\/uk\/wp-json\/wp\/v2\/pages\/182\/revisions"}],"predecessor-version":[{"id":1306,"href":"https:\/\/ipc-business.de\/uk\/wp-json\/wp\/v2\/pages\/182\/revisions\/1306"}],"wp:attachment":[{"href":"https:\/\/ipc-business.de\/uk\/wp-json\/wp\/v2\/media?parent=182"}],"curies":[{"name":"wp","href":"https:\/\/api.w.org\/{rel}","templated":true}]}}